{"id":2122,"date":"2024-05-28T20:07:17","date_gmt":"2024-05-28T17:07:17","guid":{"rendered":"https:\/\/hcm.rumblefishvietnam.com\/?post_type=product&#038;p=2122"},"modified":"2024-06-15T11:28:59","modified_gmt":"2024-06-15T08:28:59","slug":"padi-rescue-diver","status":"publish","type":"product","link":"https:\/\/hcm.rumblefishvietnam.com\/vi\/san-pham\/padi-rescue-diver\/","title":{"rendered":"L\u1eb7n c\u1ee9u h\u1ed9"},"content":{"rendered":"<p>Kho\u00e1 h\u1ecdc L\u1eb7n c\u1ee9u h\u1ed9 PADI l\u00e0 b\u01b0\u1edbc chuy\u1ec3n m\u00ecnh, n\u00e2ng cao kinh nghi\u1ec7m l\u1eb7n c\u1ee7a b\u1ea1n theo c\u00e1ch t\u1ed1t nh\u1ea5t. B\u1ea1n s\u1ebd bi\u1ebft c\u00e1ch nh\u1eadn bi\u1ebft v\u00e0 gi\u1ea3i quy\u1ebft c\u00e1c v\u1ea5n \u0111\u1ec1 nh\u1ecf tr\u01b0\u1edbc khi n\u00f3 l\u1edbn ra, x\u00e2y d\u1ef1ng s\u1ef1 t\u1ef1 tin, v\u00e0 t\u1eadn h\u01b0\u1edfng ni\u1ec1m vui khi h\u1ecdc.<\/p>\n<p>Find out why numerous divers regard the Rescue Diver course as their most cherished scuba diving course.<\/p>\n<p>Tham gia kho\u00e1 h\u1ecdc \u0111\u1ec3:<\/p>\n<p>- Tr\u1edf th\u00e0nh b\u1ea1n l\u1eb7n c\u00f3 tr\u00ecnh \u0111\u1ed9 cao h\u01a1n<br \/>\n- N\u00e2ng cao kh\u1ea3 n\u0103ng \u0111\u1ecbnh h\u01b0\u1edbng d\u01b0\u1edbi n\u01b0\u1edbc<br \/>\n- Ti\u1ebfn g\u1ea7n h\u01a1n t\u1edbi v\u1ecb tr\u00ed chuy\u00ean vi\u00ean l\u1eb7n<\/p>\n<p>C\u00e1c k\u1ef9 n\u0103ng b\u1ea1n c\u1ea7n c\u00f3:<\/p>\n<p>- H\u1ed7 tr\u1ee3 c\u00e1c \u0111\u1ed3ng l\u1eb7n<br \/>\n- X\u1eed l\u00fd khi thi\u1ebft b\u1ecb g\u1eb7p s\u1ef1 c\u1ed1<br \/>\n- Th\u1ef1c hi\u1ec7n quy tr\u00ecnh c\u1ea5p kh\u00ed oxy kh\u1ea9n c\u1ea5p<\/p>","protected":false},"excerpt":{"rendered":"<p>Kho\u00e1 h\u1ecdc L\u1eb7n c\u1ee9u h\u1ed9 PADI l\u00e0 b\u01b0\u1edbc chuy\u1ec3n m\u00ecnh, n\u00e2ng cao kinh nghi\u1ec7m l\u1eb7n c\u1ee7a b\u1ea1n theo c\u00e1ch t\u1ed1t nh\u1ea5t. B\u1ea1n s\u1ebd bi\u1ebft c\u00e1ch nh\u1eadn bi\u1ebft v\u00e0 gi\u1ea3i quy\u1ebft c\u00e1c v\u1ea5n \u0111\u1ec1 nh\u1ecf tr\u01b0\u1edbc khi n\u00f3 l\u1edbn ra, x\u00e2y d\u1ef1ng s\u1ef1 t\u1ef1 tin, v\u00e0 t\u1eadn h\u01b0\u1edfng ni\u1ec1m vui khi h\u1ecdc.<\/p>","protected":false},"featured_media":2125,"comment_status":"open","ping_status":"closed","template":"","meta":[],"product_cat":[32,75,55,56],"product_tag":[57,62],"class_list":{"0":"post-2122","1":"product","2":"type-product","3":"status-publish","4":"has-post-thumbnail","6":"product_cat-all-tours-trips","7":"product_cat-continue-learning","8":"product_cat-nha-trang","9":"product_cat-padi-courses","10":"product_tag-3-days","11":"product_tag-continuing-education","13":"first","14":"instock","15":"featured","16":"shipping-taxable","17":"purchasable","18":"product-type-simple"},"_links":{"self":[{"href":"https:\/\/hcm.rumblefishvietnam.com\/vi\/wp-json\/wp\/v2\/product\/2122","targetHints":{"allow":["GET"]}}],"collection":[{"href":"https:\/\/hcm.rumblefishvietnam.com\/vi\/wp-json\/wp\/v2\/product"}],"about":[{"href":"https:\/\/hcm.rumblefishvietnam.com\/vi\/wp-json\/wp\/v2\/types\/product"}],"replies":[{"embeddable":true,"href":"https:\/\/hcm.rumblefishvietnam.com\/vi\/wp-json\/wp\/v2\/comments?post=2122"}],"wp:featuredmedia":[{"embeddable":true,"href":"https:\/\/hcm.rumblefishvietnam.com\/vi\/wp-json\/wp\/v2\/media\/2125"}],"wp:attachment":[{"href":"https:\/\/hcm.rumblefishvietnam.com\/vi\/wp-json\/wp\/v2\/media?parent=2122"}],"wp:term":[{"taxonomy":"product_cat","embeddable":true,"href":"https:\/\/hcm.rumblefishvietnam.com\/vi\/wp-json\/wp\/v2\/product_cat?post=2122"},{"taxonomy":"product_tag","embeddable":true,"href":"https:\/\/hcm.rumblefishvietnam.com\/vi\/wp-json\/wp\/v2\/product_tag?post=2122"}],"curies":[{"name":"wp","href":"https:\/\/api.w.org\/{rel}","templated":true}]}}