{"id":2129,"date":"2024-05-28T20:30:30","date_gmt":"2024-05-28T17:30:30","guid":{"rendered":"https:\/\/hcm.rumblefishvietnam.com\/?post_type=product&#038;p=2129"},"modified":"2024-06-15T11:28:58","modified_gmt":"2024-06-15T08:28:58","slug":"bubblemaker-program","status":"publish","type":"product","link":"https:\/\/hcm.rumblefishvietnam.com\/vi\/san-pham\/bubblemaker-program\/","title":{"rendered":"PADI Bubblemaker"},"content":{"rendered":"<p>Bubblemaker mang \u0111\u1ebfn tr\u1ea3i nghi\u1ec7m th\u00fa v\u1ecb cho tr\u1ebb em - \u0110\u00f3 l\u00e0 c\u01a1 h\u1ed9i t\u1ea1o ra bong b\u00f3ng khi l\u1eb7n bi\u1ec3n. Tr\u1ebb em t\u1eeb 8 tu\u1ed5i tr\u1edf l\u00ean c\u00f3 th\u1ec3 \u0111eo thi\u1ebft b\u1ecb l\u1eb7n \u0111\u1ec3 th\u1edf d\u01b0\u1edbi n\u01b0\u1edbc v\u00e0 b\u01a1i \u1edf v\u00f9ng n\u01b0\u1edbc n\u00f4ng v\u1eeba \u0111\u1ee7. \nT\u1ed5 ch\u1ee9c m\u1ed9t b\u1eefa ti\u1ec7c ho\u1eb7c ti\u1ec7c sinh nh\u1eadt b\u1eb1ng c\u00e1ch t\u1ed5 ch\u1ee9c m\u1ed9t s\u1ef1 ki\u1ec7n Bubblemaker kh\u00f3 qu\u00ean v\u00e0 h\u1ea5p d\u1eabn v\u1edbi b\u1ea1n b\u00e8 v\u00e0 gia \u0111\u00ecnh t\u1ea1i trung t\u00e2m l\u1eb7n PADI g\u1ea7n nh\u1ea5t c\u1ee7a b\u1ea1n.<\/p>\n<p>Tr\u1ebb em tham gia ph\u1ea3i \u00edt nh\u1ea5t 8 tu\u1ed5i. H\u1ecd ph\u1ea3i c\u1ea3m th\u1ea5y tho\u1ea3i m\u00e1i khi \u1edf d\u01b0\u1edbi n\u01b0\u1edbc, m\u1eb7c d\u00f9 kh\u00f4ng c\u1ea7n c\u00f3 kinh nghi\u1ec7m tr\u01b0\u1edbc \u0111\u00f3. S\u1ef1 \u0111\u1ed3ng \u00fd c\u1ee7a cha m\u1eb9 ho\u1eb7c ng\u01b0\u1eddi gi\u00e1m h\u1ed9 l\u00e0 b\u1eaft bu\u1ed9c.<\/p>","protected":false},"excerpt":{"rendered":"<p>Bubblemaker offers a delightful experience for children \u2013 it&#8217;s an opportunity to create bubbles while scuba diving.<\/p>","protected":false},"featured_media":2130,"comment_status":"open","ping_status":"closed","template":"","meta":[],"product_cat":[32,78,55,56,74],"product_tag":[63,59,64],"class_list":{"0":"post-2129","1":"product","2":"type-product","3":"status-publish","4":"has-post-thumbnail","6":"product_cat-all-tours-trips","7":"product_cat-for-kids","8":"product_cat-nha-trang","9":"product_cat-padi-courses","10":"product_cat-start-diving","11":"product_tag-1-day","12":"product_tag-beginners","13":"product_tag-kids","15":"first","16":"instock","17":"featured","18":"shipping-taxable","19":"purchasable","20":"product-type-simple"},"_links":{"self":[{"href":"https:\/\/hcm.rumblefishvietnam.com\/vi\/wp-json\/wp\/v2\/product\/2129","targetHints":{"allow":["GET"]}}],"collection":[{"href":"https:\/\/hcm.rumblefishvietnam.com\/vi\/wp-json\/wp\/v2\/product"}],"about":[{"href":"https:\/\/hcm.rumblefishvietnam.com\/vi\/wp-json\/wp\/v2\/types\/product"}],"replies":[{"embeddable":true,"href":"https:\/\/hcm.rumblefishvietnam.com\/vi\/wp-json\/wp\/v2\/comments?post=2129"}],"wp:featuredmedia":[{"embeddable":true,"href":"https:\/\/hcm.rumblefishvietnam.com\/vi\/wp-json\/wp\/v2\/media\/2130"}],"wp:attachment":[{"href":"https:\/\/hcm.rumblefishvietnam.com\/vi\/wp-json\/wp\/v2\/media?parent=2129"}],"wp:term":[{"taxonomy":"product_cat","embeddable":true,"href":"https:\/\/hcm.rumblefishvietnam.com\/vi\/wp-json\/wp\/v2\/product_cat?post=2129"},{"taxonomy":"product_tag","embeddable":true,"href":"https:\/\/hcm.rumblefishvietnam.com\/vi\/wp-json\/wp\/v2\/product_tag?post=2129"}],"curies":[{"name":"wp","href":"https:\/\/api.w.org\/{rel}","templated":true}]}}