{"id":2135,"date":"2024-05-28T21:06:57","date_gmt":"2024-05-28T18:06:57","guid":{"rendered":"https:\/\/hcm.rumblefishvietnam.com\/?post_type=product&#038;p=2135"},"modified":"2024-06-15T11:28:58","modified_gmt":"2024-06-15T08:28:58","slug":"padi-divemaster","status":"publish","type":"product","link":"https:\/\/hcm.rumblefishvietnam.com\/vi\/san-pham\/padi-divemaster\/","title":{"rendered":"Chuy\u00ean vi\u00ean l\u1eb7n PADI"},"content":{"rendered":"<p>B\u1eaft \u0111\u1ea7u s\u1ef1 nghi\u1ec7p l\u1eb7n chuy\u00ean nghi\u1ec7p n\u00e0o!<\/p>\n<p>N\u1ebfu b\u1ea1n \u0111am m\u00ea l\u1eb7n v\u00e0 mu\u1ed1n l\u00e0m vi\u1ec7c trong ng\u00e0nh l\u1eb7n ho\u1eb7c b\u1ea1n mu\u1ed1n n\u00e2ng cao tri\u1ec7t \u0111\u1ec3 k\u1ef9 n\u0103ng l\u1eb7n v\u00e0 c\u00f3 \u0111\u01b0\u1ee3c th\u1eadt nhi\u1ec1u ca l\u1eb7n trong 2-3 th\u00e1ng th\u00ec b\u1ea1n n\u00ean \u0111\u0103ng k\u00ed ch\u01b0\u01a1ng tr\u00ecnh th\u1ef1c t\u1eadp chuy\u00ean vi\u00ean l\u1eb7n c\u1ee7a ch\u00fang t\u00f4i.<\/p>\n<p>Sau nhi\u1ec1u tu\u1ea7n h\u1ecdc, b\u1ea1n s\u1ebd c\u1ea3i thi\u1ec7n kh\u1ea3 n\u0103ng l\u1eb7n c\u1ee7a m\u00ecnh, h\u1ed7 tr\u1ee3 \u0111\u01b0\u1ee3c c\u00e1c kho\u00e1 h\u1ecdc, bi\u1ebft c\u00e1ch h\u01b0\u1edbng d\u1eabn nh\u1eefng ng\u01b0\u1eddi l\u1eb7n kh\u00e1c, v\u00e0 m\u1edf mang th\u00eam ki\u1ebfn th\u1ee9c l\u00fd thuy\u1ebft v\u1ec1 l\u1eb7n. B\u1ea1n s\u1ebd c\u00f3 \u0111\u01b0\u1ee3c nh\u1eefng kinh nghi\u1ec7m b\u1ed5 \u00edch v\u1edbi nhi\u1ec1u k\u1ef9 n\u0103ng m\u1edbi nh\u01b0 v\u1ebd b\u1ea3n \u0111\u1ed3 l\u1eb7n v\u00e0 bi\u1ec3u di\u1ec5n c\u00e1c k\u1ef9 n\u0103ng cho h\u1ecdc vi\u00ean.<\/p>\n<p>B\u1ea1n c\u0169ng s\u1ebd hi\u1ec3u s\u00e2u h\u01a1n v\u1ec1 ngh\u00e0nh l\u1eb7n v\u00e0 c\u00f3 \u0111\u01b0\u1ee3c nh\u1eefng l\u1eddi khuy\u00ean qu\u00fd b\u00e1u t\u1eeb \u0111\u1ed9i ng\u0169 d\u00e0y d\u1eb7n kinh nghi\u1ec7m c\u1ee7a ch\u00fang t\u00f4i.<\/p>\n<p>Th\u1ef1c t\u1eadp l\u00e0m chuy\u00ean gia l\u1eb7n l\u00e0 c\u01a1 h\u1ed9i \u0111\u01b0\u1ee3c \u0111\u00e0o t\u1ea1o l\u1eb7n t\u1ed1t nh\u1ea5t v\u1edbi nh\u1eefng kinh nghi\u1ec7m th\u00fa v\u1ecb<\/p>\n<p>-\u0110\u1ee7 18 tu\u1ed5i<br \/>\n-L\u1eb7n trong 2-3 th\u00e1ng<br \/>\n-L\u00fd thuy\u1ebft v\u00e0 ki\u1ebfn th\u1ee9c l\u1eb7n chuy\u00ean s\u00e2u<br \/>\n-C\u00f3 s\u1ef1 h\u01b0\u1edbng d\u1eabn v\u00e0 h\u1ed7 tr\u1ee3 t\u1eeb Course Director v\u00e0 \u0111\u1ed9i ng\u0169 PADI<\/p>\n<p>B\u1ea1n s\u1ebd h\u1ecdc g\u00ec?<\/p>\n<p>C\u00e1c n\u1ed9i dung c\u01a1 b\u1ea3n c\u1ee7a kho\u00e1 Chuy\u00ean vi\u00ean l\u1eb7n k\u00e9o d\u00e0i trong 2 tu\u1ea7n \u0111\u1ea7u \u0111\u1ec3 b\u1ea1n t\u00ecm hi\u1ec3u s\u00e2u v\u1ec1 l\u00fd thuy\u1ebft v\u00e0 th\u1ef1c hi\u1ec7n c\u00e1c b\u00e0i tr\u00ecnh b\u00e0y v\u00e0 b\u00e0i t\u1eadp th\u1ef1c h\u00e0nh \u0111\u1ec3 chu\u1ea9n b\u1ecb cho ph\u1ea7n th\u1ef1c t\u1eadp chuy\u00ean vi\u00ean l\u1eb7n v\u1ec1 sau. Tu\u1ea7n 3 v\u00e0 4 th\u00ec b\u1ea1n s\u1ebd h\u1ed7 tr\u1ee3 c\u00e1c kho\u00e1 h\u1ecdc, h\u01b0\u1edbng d\u1eabn ng\u01b0\u1eddi l\u1eb7n v\u00e0 \u00e1p d\u1ee5ng c\u00e1c k\u1ef9 n\u0103ng m\u1edbi h\u1ecdc c\u1ee7a m\u00ecnh.<\/p>\n<p>The course&#8217;s curriculum is completed within the first month. Should you desire further enhancement of your guiding and diving abilities, and wish to dive even more, we offer an additional month&#8217;s extension of your Divemaster internship, focusing primarily on diving\u2014either leading dives under our staff&#8217;s supervision or aiding our instructors with courses.<\/p>\n<p>Kho\u00e1 h\u1ecdc Chuy\u00ean vi\u00ean l\u1eb7n bao g\u1ed3m:<\/p>\n<ul>\n<li>Mi\u1ec5n ph\u00ed s\u1eed d\u1ee5ng c\u00e1c thi\u1ebft b\u1ecb l\u1eb7n c\u1ee7a trung t\u00e2m<\/li>\n<li>B\u1eefa tr\u01b0a trong ng\u00e0y \u0111i bi\u1ec3n<\/li>\n<li>\u0110\u01b0\u1ee3c l\u1eb7n kh\u00f4ng gi\u1edbi h\u1ea1n trong su\u1ed1t kho\u00e1 h\u1ecdc<\/li>\n<li>Tham gia v\u00e0o c\u00e1c bu\u1ed5i trao \u0111\u1ed5i v\u1ec1 h\u1ec7 sinh th\u00e1i, vi\u1ebft CV, v.v.<\/li>\n<\/ul>\n<p>Kh\u00f4ng bao g\u1ed3m:<\/p>\n<p>- T\u00e0i li\u1ec7u h\u1ecdc l\u00fd thuy\u1ebft<\/p>\n<p>- Ph\u00ed \u1ee9ng tuy\u1ec3n Chuy\u00ean vi\u00ean l\u1eb7n PADI<\/p>","protected":false},"excerpt":{"rendered":"<p>Th\u1ef1c t\u1eadp l\u00e0m chuy\u00ean gia l\u1eb7n l\u00e0 c\u01a1 h\u1ed9i \u0111\u01b0\u1ee3c \u0111\u00e0o t\u1ea1o l\u1eb7n t\u1ed1t nh\u1ea5t v\u1edbi nh\u1eefng kinh nghi\u1ec7m th\u00fa v\u1ecb<\/p>","protected":false},"featured_media":2094,"comment_status":"open","ping_status":"closed","template":"","meta":[],"product_cat":[32,55,56,67],"product_tag":[65,66],"class_list":{"0":"post-2135","1":"product","2":"type-product","3":"status-publish","4":"has-post-thumbnail","6":"product_cat-all-tours-trips","7":"product_cat-nha-trang","8":"product_cat-padi-courses","9":"product_cat-pro","10":"product_tag-14-21-days","11":"product_tag-pro","13":"first","14":"instock","15":"featured","16":"shipping-taxable","17":"purchasable","18":"product-type-simple"},"_links":{"self":[{"href":"https:\/\/hcm.rumblefishvietnam.com\/vi\/wp-json\/wp\/v2\/product\/2135","targetHints":{"allow":["GET"]}}],"collection":[{"href":"https:\/\/hcm.rumblefishvietnam.com\/vi\/wp-json\/wp\/v2\/product"}],"about":[{"href":"https:\/\/hcm.rumblefishvietnam.com\/vi\/wp-json\/wp\/v2\/types\/product"}],"replies":[{"embeddable":true,"href":"https:\/\/hcm.rumblefishvietnam.com\/vi\/wp-json\/wp\/v2\/comments?post=2135"}],"wp:featuredmedia":[{"embeddable":true,"href":"https:\/\/hcm.rumblefishvietnam.com\/vi\/wp-json\/wp\/v2\/media\/2094"}],"wp:attachment":[{"href":"https:\/\/hcm.rumblefishvietnam.com\/vi\/wp-json\/wp\/v2\/media?parent=2135"}],"wp:term":[{"taxonomy":"product_cat","embeddable":true,"href":"https:\/\/hcm.rumblefishvietnam.com\/vi\/wp-json\/wp\/v2\/product_cat?post=2135"},{"taxonomy":"product_tag","embeddable":true,"href":"https:\/\/hcm.rumblefishvietnam.com\/vi\/wp-json\/wp\/v2\/product_tag?post=2135"}],"curies":[{"name":"wp","href":"https:\/\/api.w.org\/{rel}","templated":true}]}}