{"id":2139,"date":"2024-05-28T21:23:14","date_gmt":"2024-05-28T18:23:14","guid":{"rendered":"https:\/\/hcm.rumblefishvietnam.com\/?post_type=product&#038;p=2139"},"modified":"2024-06-15T11:28:58","modified_gmt":"2024-06-15T08:28:58","slug":"fun-diving","status":"publish","type":"product","link":"https:\/\/hcm.rumblefishvietnam.com\/vi\/san-pham\/fun-diving\/","title":{"rendered":"L\u1eb7n gi\u1ea3i tr\u00ed \u1edf Nha Trang"},"content":{"rendered":"<p>Tham gia chuy\u1ebfn l\u1eb7n bi\u1ec3n t\u1ea1i Nha Trang v\u1edbi ch\u00fang t\u00f4i, b\u1ea1n s\u1ebd \u0111\u01b0\u1ee3c cung c\u1ea5p t\u1ea5t c\u1ea3 c\u00e1c thi\u1ebft b\u1ecb c\u1ea7n thi\u1ebft cho chuy\u1ebfn du ngo\u1ea1n d\u01b0\u1edbi n\u01b0\u1edbc c\u1ee7a b\u1ea1n. B\u1ea1n \u0111\u00e3 s\u1eb5n s\u00e0ng lao v\u00e0o th\u1ebf gi\u1edbi \u0111\u1ea1i d\u01b0\u01a1ng ch\u01b0a?<\/p>\n<p>\u0110\u1eafm m\u00ecnh v\u00e0o v\u00f9ng bi\u1ec3n ban s\u01a1 c\u1ee7a Nha Trang v\u00e0 kh\u00e1m ph\u00e1 nh\u1eefng \u0111i\u1ec1u phi th\u01b0\u1eddng d\u01b0\u1edbi n\u01b0\u1edbc. C\u00e1c gi\u00e1o vi\u00ean s\u1ebd h\u01b0\u1edbng d\u1eabn b\u1ea1n t\u1eebng b\u01b0\u1edbc \u0111\u1ec3 c\u00f3 tr\u1ea3i nghi\u1ec7m c\u00e1 nh\u00e2n tuy\u1ec7t v\u1eddi nh\u1ea5t v\u1edbi nh\u00f3m nh\u1ecf 1-3 ng\u01b0\u1eddi. Nh\u1eefng ng\u01b0\u1eddi th\u00edch v\u00f9ng n\u01b0\u1edbc c\u1ea1n c\u00f3 th\u1ec3 tham gia v\u00e0o ho\u1ea1t \u0111\u1ed9ng b\u01a1i c\u00f9ng \u1ed1ng th\u1edf tr\u00ean m\u1eb7t n\u01b0\u1edbc!<\/p>\n<p>\u0110i\u1ec3m l\u1eb7n s\u1ebd l\u00e0 khu v\u1ef1c bi\u1ec3n \u1edf H\u00f2n R\u01a1m, H\u00f2n T\u1eb1m, \u0110\u1ea7m B\u1ea5y, v.v.<\/p>\n<p>Ch\u00fang t\u00f4i x\u1ebfp c\u00e1c th\u1ee3 l\u1eb7n theo nh\u00f3m tr\u00ecnh \u0111\u1ed9 \u0111\u1ec3 \u0111\u1ea3m b\u1ea3o t\u1ed1i \u0111a vi\u1ec7c t\u1eadn h\u01b0\u1edfng ca l\u1eb7n c\u1ee7a b\u1ea1n. Gi\u1edbi h\u1ea1n nh\u00f3m l\u00e0 3 ng\u01b0\u1eddi \u0111\u1ec3 m\u1ecdi ng\u01b0\u1eddi \u0111\u1ec1u \u0111\u01b0\u1ee3c l\u1eb7n tho\u1ea3 th\u00edch nh\u1ea5t c\u00f3 th\u1ec3. Thi\u1ebft b\u1ecb \u0111\u1ec1u \u0111\u01b0\u1ee3c ch\u0103m s\u00f3c h\u00e0ng ng\u00e0y \u0111\u1ec3 \u0111\u1ea3m b\u1ea3o an to\u00e0n. Th\u1eddi gian ca l\u1eb7n kho\u1ea3ng 50-60 ph\u00fat tu\u1ef3 v\u00e0o kh\u1ea3 n\u0103ng ti\u00eau th\u1ee5 kh\u00ed th\u1edf c\u1ee7a b\u1ea1n. \u0110\u1ed9i ng\u0169 c\u1ee7a ch\u00fang t\u00f4i \u0111\u1ec1u l\u00e0 nh\u1eefng gi\u00e1o vi\u00ean, chuy\u00ean vi\u00ean l\u1eb7n c\u00f3 kinh nghi\u1ec7m l\u00e0nh ngh\u1ec1 theo \u0111\u00fang ti\u00eau chu\u1ea9n qu\u1ed1c t\u1ebf c\u1ee7a PADI.<\/p>","protected":false},"excerpt":{"rendered":"<p>\u0110\u0103ng k\u00ed g\u00f3i l\u1eb7n gi\u1ea3i tr\u00ed th\u00e1m hi\u1ec3m t\u1ea1i Nha Trang v\u1edbi c\u00e1c trang thi\u1ebft b\u1ecb \u0111\u1ea7y \u0111\u1ee7 c\u00f9ng c\u00e1c chuy\u00ean vi\u00ean \u0111\u01b0\u1ee3c PADI c\u00f4ng nh\u1eadn<\/p>","protected":false},"featured_media":2140,"comment_status":"open","ping_status":"closed","template":"","meta":[],"product_cat":[32,68,55,56],"product_tag":[63,69],"class_list":{"0":"post-2139","1":"product","2":"type-product","3":"status-publish","4":"has-post-thumbnail","6":"product_cat-all-tours-trips","7":"product_cat-daily-diving","8":"product_cat-nha-trang","9":"product_cat-padi-courses","10":"product_tag-1-day","11":"product_tag-certified","13":"first","14":"instock","15":"featured","16":"shipping-taxable","17":"purchasable","18":"product-type-simple"},"_links":{"self":[{"href":"https:\/\/hcm.rumblefishvietnam.com\/vi\/wp-json\/wp\/v2\/product\/2139","targetHints":{"allow":["GET"]}}],"collection":[{"href":"https:\/\/hcm.rumblefishvietnam.com\/vi\/wp-json\/wp\/v2\/product"}],"about":[{"href":"https:\/\/hcm.rumblefishvietnam.com\/vi\/wp-json\/wp\/v2\/types\/product"}],"replies":[{"embeddable":true,"href":"https:\/\/hcm.rumblefishvietnam.com\/vi\/wp-json\/wp\/v2\/comments?post=2139"}],"wp:featuredmedia":[{"embeddable":true,"href":"https:\/\/hcm.rumblefishvietnam.com\/vi\/wp-json\/wp\/v2\/media\/2140"}],"wp:attachment":[{"href":"https:\/\/hcm.rumblefishvietnam.com\/vi\/wp-json\/wp\/v2\/media?parent=2139"}],"wp:term":[{"taxonomy":"product_cat","embeddable":true,"href":"https:\/\/hcm.rumblefishvietnam.com\/vi\/wp-json\/wp\/v2\/product_cat?post=2139"},{"taxonomy":"product_tag","embeddable":true,"href":"https:\/\/hcm.rumblefishvietnam.com\/vi\/wp-json\/wp\/v2\/product_tag?post=2139"}],"curies":[{"name":"wp","href":"https:\/\/api.w.org\/{rel}","templated":true}]}}