{"id":2141,"date":"2024-05-28T21:29:18","date_gmt":"2024-05-28T18:29:18","guid":{"rendered":"https:\/\/hcm.rumblefishvietnam.com\/?post_type=product&#038;p=2141"},"modified":"2024-07-13T08:43:28","modified_gmt":"2024-07-13T05:43:28","slug":"padi-discovery-scuba-diving","status":"publish","type":"product","link":"https:\/\/hcm.rumblefishvietnam.com\/vi\/san-pham\/padi-discovery-scuba-diving\/","title":{"rendered":"PADI Discover Scuba Diving"},"content":{"rendered":"<p>H\u1ecdc c\u00e1c k\u1ef9 n\u0103ng l\u1eb7n b\u00ecnh kh\u00ed c\u01a1 b\u1ea3n v\u00e0 tr\u1ea3i nghi\u1ec7m vi\u1ec7c th\u1edf d\u01b0\u1edbi n\u01b0\u1edbc c\u00f9ng b\u00ecnh kh\u00ed<\/p>\n<p>N\u1ebfu b\u1ea1n t\u00f2 m\u00f2 v\u1ec1 m\u00f4n l\u1eb7n bi\u1ec3n nh\u01b0ng ng\u1ea7n ng\u1ea1i tham gia kh\u00f3a h\u1ecdc c\u1ea5p ch\u1ee9ng ch\u1ec9, ch\u01b0\u01a1ng tr\u00ecnh L\u1eb7n Tr\u1ea3i Nghi\u1ec7m l\u00e0 c\u01a1 h\u1ed9i l\u00fd t\u01b0\u1edfng \u0111\u1ec3 \u0111\u1eb7t ch\u00e2n xu\u1ed1ng n\u01b0\u1edbc. Trong m\u1ed9t bu\u1ed5i h\u1ecdc ng\u1eafn, b\u1ea1n s\u1ebd c\u00f3 \u0111\u01b0\u1ee3c c\u00e1c k\u1ef9 n\u0103ng l\u1eb7n c\u01a1 b\u1ea3n v\u00e0 h\u00edt th\u1edf nh\u1eefng h\u01a1i th\u1edf \u0111\u1ea7u ti\u00ean d\u01b0\u1edbi n\u01b0\u1edbc.<\/p>\n<p>- 2 Ca L\u1eb7n<br \/>\n- 2 \u0110\u1ecba \u0111i\u1ec3m l\u1eb7n \u0111\u1ed9c \u0111\u00e1o<br \/>\n- S\u1ed1 l\u01b0\u1ee3ng an to\u00e0n: 1:2 v\u1edbi m\u1ed9t gi\u00e1o vi\u00ean v\u00e0 hai h\u1ecdc vi\u00ean<\/p>\n<p>B\u1eaft tay v\u00e0o cu\u1ed9c phi\u00eau l\u01b0u c\u1ee7a cu\u1ed9c \u0111\u1eddi v\u1edbi ch\u01b0\u01a1ng tr\u00ecnh L\u1eb7n Tr\u1ea3i Nghi\u1ec7m.!<\/p>\n<p>B\u1ea1n c\u00f3 bao gi\u1edd t\u1ef1 h\u1ecfi \u0111\u1ea1i d\u01b0\u01a1ng \u1ea9n ch\u1ee9a nh\u1eefng b\u00ed \u1ea9n g\u00ec b\u00ean d\u01b0\u1edbi b\u1ec1 m\u1eb7t c\u1ee7a n\u00f3 kh\u00f4ng? \nV\u1edbi ch\u01b0\u01a1ng tr\u00ecnh c\u1ee7a ch\u00fang t\u00f4i, b\u1ea1n s\u1ebd c\u00f3 c\u00e1i nh\u00ecn th\u00fa v\u1ecb v\u1ec1 th\u1ebf gi\u1edbi l\u1eb7n bi\u1ec3n. \nTr\u1ea3i nghi\u1ec7m c\u1ea3m gi\u00e1c ph\u1ea5n kh\u00edch khi h\u00edt th\u1edf d\u01b0\u1edbi n\u01b0\u1edbc v\u00e0 kh\u00e1m ph\u00e1 nh\u1eefng \u0111i\u1ec1u k\u1ef3 di\u1ec7u \u1ea9n gi\u1ea5u c\u1ee7a \u0111\u1ea1i d\u01b0\u01a1ng, t\u1ea5t c\u1ea3 \u0111\u1ec1u d\u01b0\u1edbi s\u1ef1 gi\u00e1m s\u00e1t c\u1ea9n th\u1eadn c\u1ee7a nh\u1eefng ng\u01b0\u1eddi h\u01b0\u1edbng d\u1eabn gi\u00e0u kinh nghi\u1ec7m c\u1ee7a ch\u00fang t\u00f4i.\nS\u1ef1 an to\u00e0n c\u1ee7a b\u1ea1n l\u00e0 tr\u00ean h\u1ebft v\u00e0 ch\u00fang t\u00f4i s\u1ebd trang b\u1ecb cho b\u1ea1n t\u1ea5t c\u1ea3 c\u00e1c k\u1ef9 n\u0103ng v\u00e0 ki\u1ebfn \u200b\u200bth\u1ee9c c\u1ea7n thi\u1ebft \u0111\u1ec3 c\u00f3 m\u1ed9t chuy\u1ebfn l\u1eb7n kh\u00f3 qu\u00ean.<\/p>\n<p>H\u00e3y t\u01b0\u1edfng t\u01b0\u1ee3ng b\u1ea1n n\u1eafm v\u1eefng nh\u1eefng ki\u1ebfn \u200b\u200bth\u1ee9c c\u01a1 b\u1ea3n m\u1ed9t c\u00e1ch tho\u1ea3i m\u00e1i \u1edf v\u00f9ng n\u01b0\u1edbc n\u00f4ng, l\u00e0m quen v\u1edbi thi\u1ebft b\u1ecb l\u1eb7n c\u1ee7a m\u00ecnh. \u0110\u00e2y l\u00e0 n\u01a1i s\u1ef1 m\u00ea ho\u1eb7c b\u1eaft \u0111\u1ea7u!<\/p>\n<p>Cho d\u00f9 b\u1ea1n \u0111ang t\u00ecm ki\u1ebfm m\u1ed9t ng\u00e0y \u0111\u1ea7y n\u0103ng \u0111\u1ed9ng hay ch\u1ec9 l\u00e0 tr\u1ea3i nghi\u1ec7m l\u1eb7n bi\u1ec3n, ch\u01b0\u01a1ng tr\u00ecnh L\u1eb7n Tr\u1ea3i Nghi\u1ec7m \u0111\u01b0\u1ee3c thi\u1ebft k\u1ebf d\u00e0nh cho b\u1ea1n. H\u00e3y tham gia c\u00f9ng ch\u00fang t\u00f4i \u0111\u1ec3 c\u00f3 m\u1ed9t cu\u1ed9c phi\u00eau l\u01b0u d\u01b0\u1edbi n\u01b0\u1edbc \u0111\u1eb7c bi\u1ec7t s\u1ebd khi\u1ebfn b\u1ea1n c\u1ea3m th\u1ea5y th\u00fa v\u1ecb tuy\u1ec7t v\u1eddi nh\u1ea5t.!<\/p>","protected":false},"excerpt":{"rendered":"<p>H\u1ecdc c\u00e1c k\u1ef9 n\u0103ng l\u1eb7n b\u00ecnh kh\u00ed c\u01a1 b\u1ea3n v\u00e0 tr\u1ea3i nghi\u1ec7m vi\u1ec7c th\u1edf d\u01b0\u1edbi n\u01b0\u1edbc c\u00f9ng b\u00ecnh kh\u00ed<\/p>","protected":false},"featured_media":2147,"comment_status":"open","ping_status":"closed","template":"","meta":[],"product_cat":[32,68,55,56,74],"product_tag":[63,59],"class_list":{"0":"post-2141","1":"product","2":"type-product","3":"status-publish","4":"has-post-thumbnail","6":"product_cat-all-tours-trips","7":"product_cat-daily-diving","8":"product_cat-nha-trang","9":"product_cat-padi-courses","10":"product_cat-start-diving","11":"product_tag-1-day","12":"product_tag-beginners","14":"first","15":"instock","16":"featured","17":"shipping-taxable","18":"purchasable","19":"product-type-simple"},"_links":{"self":[{"href":"https:\/\/hcm.rumblefishvietnam.com\/vi\/wp-json\/wp\/v2\/product\/2141","targetHints":{"allow":["GET"]}}],"collection":[{"href":"https:\/\/hcm.rumblefishvietnam.com\/vi\/wp-json\/wp\/v2\/product"}],"about":[{"href":"https:\/\/hcm.rumblefishvietnam.com\/vi\/wp-json\/wp\/v2\/types\/product"}],"replies":[{"embeddable":true,"href":"https:\/\/hcm.rumblefishvietnam.com\/vi\/wp-json\/wp\/v2\/comments?post=2141"}],"wp:featuredmedia":[{"embeddable":true,"href":"https:\/\/hcm.rumblefishvietnam.com\/vi\/wp-json\/wp\/v2\/media\/2147"}],"wp:attachment":[{"href":"https:\/\/hcm.rumblefishvietnam.com\/vi\/wp-json\/wp\/v2\/media?parent=2141"}],"wp:term":[{"taxonomy":"product_cat","embeddable":true,"href":"https:\/\/hcm.rumblefishvietnam.com\/vi\/wp-json\/wp\/v2\/product_cat?post=2141"},{"taxonomy":"product_tag","embeddable":true,"href":"https:\/\/hcm.rumblefishvietnam.com\/vi\/wp-json\/wp\/v2\/product_tag?post=2141"}],"curies":[{"name":"wp","href":"https:\/\/api.w.org\/{rel}","templated":true}]}}