{"id":2277,"date":"2024-06-01T14:16:00","date_gmt":"2024-06-01T11:16:00","guid":{"rendered":"https:\/\/hcm.rumblefishvietnam.com\/?post_type=product&#038;p=2277"},"modified":"2024-06-15T11:28:58","modified_gmt":"2024-06-15T08:28:58","slug":"padi-seal-team","status":"publish","type":"product","link":"https:\/\/hcm.rumblefishvietnam.com\/vi\/san-pham\/padi-seal-team\/","title":{"rendered":"Bi\u1ec7t \u0111\u1ed9i h\u1ea3i c\u1ea9u PADI"},"content":{"rendered":"<p data-sourcepos=\"7:1-7:40\"><strong>\u0110\u00e2y l\u00e0 \u0111i\u1ec1u khi\u1ebfn Seal Team tr\u1edf n\u00ean tuy\u1ec7t v\u1eddi:<\/strong><\/p>\n<ul data-sourcepos=\"9:1-9:69\">\n<li data-sourcepos=\"9:1-9:69\"><strong>L\u1eb7n nh\u01b0 th\u1ee3 l\u1eb7n chuy\u00ean nghi\u1ec7p:<\/strong> H\u1ecdc c\u00e1c k\u1ef9 n\u0103ng l\u1eb7n c\u01a1 b\u1ea3n nh\u01b0 ki\u1ec3m so\u00e1t \u0111\u1ed9 n\u1ed5i (gi\u1eef n\u1ed5i!), l\u00e0m s\u1ea1ch m\u1eb7t n\u1ea1 (kh\u00f4ng c\u00f2n s\u01b0\u01a1ng m\u00f9 n\u1eefa!), ph\u1ee5c h\u1ed3i b\u1ed9 \u0111i\u1ec1u ch\u1ec9nh (\u0111\u1eebng lo, ch\u00fang t\u00f4i s\u1ebd h\u01b0\u1edbng d\u1eabn b\u1ea1n c\u00e1ch l\u1ea5y l\u1ea1i n\u1ebfu n\u00f3 r\u01a1i ra ngo\u00e0i!), v\u00e0 c\u00e2n b\u1eb1ng tai v\u1edbi \u00e1p su\u1ea5t n\u01b0\u1edbc.<\/li>\n<li data-sourcepos=\"10:1-10:108\"><strong>Thu\u1ea7n th\u1ee5c c\u00e1c nhi\u1ec7m v\u1ee5:<\/strong> Ho\u00e0n th\u00e0nh 5 \"AquaMission\" th\u00fa v\u1ecb \u0111\u1ec3 x\u00e2y d\u1ef1ng s\u1ef1 t\u1ef1 tin v\u00e0 ki\u1ebfn \u200b\u200bth\u1ee9c l\u1eb7n!<\/li>\n<li data-sourcepos=\"11:1-11:129\"><strong>Tr\u1edf th\u00e0nh m\u1ed9t ph\u1ea7n c\u1ee7a \u0111\u1ed9i ng\u0169:<\/strong> Nh\u1eadn \u0111\u01b0\u1ee3c huy hi\u1ec7u PADI Seal Team, v\u00e0 ghi danh m\u00ecnh v\u00e0o \u0111\u1ed9i ng\u0169 c\u00e1c PADI Seal Team tr\u00ean th\u1ebf gi\u1edbi.<\/li>\n<li data-sourcepos=\"12:1-13:0\"><strong>Kh\u00e1m ph\u00e1 nhi\u1ec1u h\u01a1n n\u1eefa:<\/strong> Ti\u1ebfp t\u1ee5c h\u00e0nh tr\u00ecnh d\u01b0\u1edbi n\u01b0\u1edbc c\u1ee7a b\u00e9 v\u1edbi ch\u01b0\u01a1ng tr\u00ecnh PADI Master Seal, n\u01a1i b\u00e9 c\u00f3 th\u1ec3 h\u1ecdc nhi\u1ec1u k\u1ef9 n\u0103ng h\u01a1n n\u1eefa v\u00e0 kh\u00e1m ph\u00e1 nh\u1eefng tr\u00f2 ch\u01a1i m\u1edbi d\u01b0\u1edbi n\u01b0\u1edbc!<\/li>\n<\/ul>\n<p data-sourcepos=\"14:1-14:36\"><strong>\u0110\u00e3 bao g\u1ed3m t\u1ea5t c\u1ea3 nh\u1eefng th\u1ee9 b\u1ea1n c\u1ea7n:<\/strong><\/p>\n<ul data-sourcepos=\"16:1-20:0\">\n<li data-sourcepos=\"16:1-16:64\">PADI Seal Team AquaMission v\u00e0 Nh\u1eadt k\u00fd l\u1eb7n \u0111\u1ec3 theo d\u00f5i ti\u1ebfn tr\u00ecnh c\u1ee7a b\u00e9<\/li>\n<li data-sourcepos=\"17:1-17:45\">Huy hi\u1ec7u th\u1ec3 hi\u1ec7n th\u00e0nh t\u00edch l\u1eb7n c\u1ee7a b\u1ea1n<\/li>\n<li data-sourcepos=\"18:1-18:36\">S\u1eed d\u1ee5ng t\u1ea5t c\u1ea3 c\u00e1c thi\u1ebft b\u1ecb l\u1eb7n b\u00e9 c\u1ea7n<\/li>\n<li data-sourcepos=\"19:1-20:0\">H\u01b0\u1edbng d\u1eabn chuy\u00ean m\u00f4n t\u1eeb nh\u1eefng gi\u00e1o vi\u00ean PADI v\u00e0 chuy\u00ean vi\u00ean l\u1eb7n PADI<\/li>\n<\/ul>\n<p data-sourcepos=\"21:1-21:113\">S\u1eb5n s\u00e0ng tham gia ch\u01b0a c\u00e1c b\u1ea1n nh\u1ecf? H\u00e3y li\u00ean h\u1ec7 v\u1edbi ch\u00fang t\u00f4i ngay h\u00f4m nay v\u00e0 b\u1eaft tay v\u00e0o cu\u1ed9c phi\u00eau l\u01b0u d\u01b0\u1edbi n\u01b0\u1edbc c\u1ee7a b\u1ea1n v\u1edbi ch\u01b0\u01a1ng tr\u00ecnh \u0110\u1ed9i H\u1ea3i c\u1ea9u c\u1ee7a PADI!<\/p>","protected":false},"excerpt":{"rendered":"<p data-sourcepos=\"3:1-3:82\">Calling all young adventurers! Ever wondered what it&#8217;s like to breathe underwater? PADI&#8217;s Seal Team program is your exciting gateway to the underwater world!<\/p>","protected":false},"featured_media":2278,"comment_status":"open","ping_status":"closed","template":"","meta":[],"product_cat":[32,78,79,55,56],"product_tag":[57,59,80],"class_list":{"0":"post-2277","1":"product","2":"type-product","3":"status-publish","4":"has-post-thumbnail","6":"product_cat-all-tours-trips","7":"product_cat-for-kids","8":"product_cat-ho-chi-minh","9":"product_cat-nha-trang","10":"product_cat-padi-courses","11":"product_tag-3-days","12":"product_tag-beginners","13":"product_tag-youth","15":"first","16":"instock","17":"shipping-taxable","18":"purchasable","19":"product-type-simple"},"_links":{"self":[{"href":"https:\/\/hcm.rumblefishvietnam.com\/vi\/wp-json\/wp\/v2\/product\/2277","targetHints":{"allow":["GET"]}}],"collection":[{"href":"https:\/\/hcm.rumblefishvietnam.com\/vi\/wp-json\/wp\/v2\/product"}],"about":[{"href":"https:\/\/hcm.rumblefishvietnam.com\/vi\/wp-json\/wp\/v2\/types\/product"}],"replies":[{"embeddable":true,"href":"https:\/\/hcm.rumblefishvietnam.com\/vi\/wp-json\/wp\/v2\/comments?post=2277"}],"wp:featuredmedia":[{"embeddable":true,"href":"https:\/\/hcm.rumblefishvietnam.com\/vi\/wp-json\/wp\/v2\/media\/2278"}],"wp:attachment":[{"href":"https:\/\/hcm.rumblefishvietnam.com\/vi\/wp-json\/wp\/v2\/media?parent=2277"}],"wp:term":[{"taxonomy":"product_cat","embeddable":true,"href":"https:\/\/hcm.rumblefishvietnam.com\/vi\/wp-json\/wp\/v2\/product_cat?post=2277"},{"taxonomy":"product_tag","embeddable":true,"href":"https:\/\/hcm.rumblefishvietnam.com\/vi\/wp-json\/wp\/v2\/product_tag?post=2277"}],"curies":[{"name":"wp","href":"https:\/\/api.w.org\/{rel}","templated":true}]}}