{"id":2280,"date":"2024-06-01T14:19:24","date_gmt":"2024-06-01T11:19:24","guid":{"rendered":"https:\/\/hcm.rumblefishvietnam.com\/?post_type=product&#038;p=2280"},"modified":"2024-07-04T20:11:35","modified_gmt":"2024-07-04T17:11:35","slug":"padi-little-mermaid","status":"publish","type":"product","link":"https:\/\/hcm.rumblefishvietnam.com\/vi\/san-pham\/padi-little-mermaid\/","title":{"rendered":"L\u1eb7n ti\u00ean c\u00e1 nh\u00ed"},"content":{"rendered":"<p data-sourcepos=\"7:1-7:59\"><strong>\u0110\u00e2y l\u00e0 l\u00fd do m\u00e0 con b\u1ea1n s\u1ebd y\u00eau th\u00edch ch\u01b0\u01a1ng tr\u00ecnh l\u1eb7n ti\u00ean c\u00e1 c\u1ee7a ch\u00fang t\u00f4i:<\/strong><\/p>\n<ul data-sourcepos=\"9:1-9:50\">\n<li data-sourcepos=\"9:1-9:50\"><strong>V\u1eaby \u0111u\u00f4i n\u00e0o:<\/strong> Th\u1ef1c h\u00e0nh k\u1ef9 n\u0103ng b\u01a1i v\u1edbi chi\u1ebfc \u0111u\u00f4i c\u00e1 hay ho v\u00e0 \u0111\u1ea7y m\u00e0u s\u1eafc!<\/li>\n<li data-sourcepos=\"10:1-10:94\"><strong>Phi\u00eau l\u01b0u d\u01b0\u1edbi n\u01b0\u1edbc:<\/strong> H\u1ecdc l\u1eb7n v\u00e0 kh\u00e1m ph\u00e1 kho b\u00e1u ch\u00f4n gi\u1ea5u nh\u01b0 m\u1ed9t ti\u00ean c\u00e1 \u0111\u00edch th\u1ef1c!<\/li>\n<li data-sourcepos=\"11:1-11:115\"><strong>Ni\u1ec1m vui s\u00e1ng t\u1ea1o:<\/strong> N\u1eafm b\u1eaft ngh\u1ec7 thu\u1eadt th\u1ed5i bong b\u00f3ng h\u00ecnh tr\u00e1i tim v\u00e0 h\u00ecnh tr\u00f2n ch\u1ec9 b\u1eb1ng m\u1ed9t c\u00fa ch\u1ea1m tay ma thu\u1eadt d\u01b0\u1edbi n\u01b0\u1edbc!<\/li>\n<li data-sourcepos=\"12:1-12:99\"><strong>V\u00f4 v\u00e0n tr\u00f2 ch\u01a1i:<\/strong> C\u00f9ng ch\u01a1i nhi\u1ec1u tr\u00f2 ch\u01a1i ti\u00ean c\u00e1 th\u00fa v\u1ecb th\u1eadt vui v\u00e0 n\u00e1o nhi\u1ec7t!<\/li>\n<li data-sourcepos=\"13:1-14:0\"><strong>T\u0103ng c\u01b0\u1eddng t\u1ef1 tin:<\/strong> Ph\u00e1t tri\u1ec3n k\u1ef9 n\u0103ng v\u1eadn \u0111\u1ed9ng v\u00e0 ph\u1ed1i h\u1ee3p theo c\u00e1ch th\u00fa v\u1ecb v\u00e0 t\u1ef1 do nh\u1ea5t!<\/li>\n<\/ul>\n<p data-sourcepos=\"15:1-15:25\"><strong>Nh\u1eefng g\u00ec con b\u1ea1n c\u1ea7n:<\/strong><\/p>\n<ul data-sourcepos=\"17:1-19:1\">\n<li data-sourcepos=\"17:1-17:69\">M\u1ed9t chi\u1ebfc \u0111u\u00f4i c\u00e1 l\u1ea5p l\u00e1nh \u0111\u1ec3 ho\u00e1 th\u00e2n th\u00e0nh m\u1ed9t sinh v\u1eadt k\u00ec di\u1ec7u!<\/li>\n<li data-sourcepos=\"18:1-18:42\">Thi\u1ebft b\u1ecb l\u1eb7n \u0111\u1ec3 kh\u00e1m ph\u00e1 d\u01b0\u1edbi n\u01b0\u1edbc!<\/li>\n<li data-sourcepos=\"19:1-19:1\">L\u1edbp h\u1ecdc th\u00fa v\u1ecb v\u00e0 c\u1ed1 k\u1ebft trong nh\u00f3m nh\u1ecf (1-2 h\u1ecdc sinh \/gi\u00e1o vi\u00ean) ch\u00fa tr\u1ecdng t\u1eebng c\u00e1 nh\u00e2n.<\/li>\n<li data-sourcepos=\"20:1-21:0\">Ph\u00ed h\u1ed3 b\u01a1i v\u00e0 l\u1edbp h\u1ecdc \u0111\u00e3 \u0111\u01b0\u1ee3c bao g\u1ed3m!<\/li>\n<\/ul>\n<p data-sourcepos=\"22:1-22:82\"><strong>Mu\u1ed1n tr\u1edf th\u00e0nh chuy\u00ean gia?<\/strong> C\u1ea5p Ch\u1ee9ng ch\u1ec9 ti\u00ean c\u00e1 nh\u00ed n\u1ebfu c\u00f3 nhu c\u1ea7u!<\/p>\n<p data-sourcepos=\"24:1-24:93\"><strong>B\u1ea1n s\u1eb5n s\u00e0ng v\u1eaby \u0111u\u00f4i ch\u01b0a?<\/strong> H\u00e3y li\u00ean h\u1ec7 v\u1edbi ch\u00fang t\u00f4i ngay h\u00f4m nay \u0111\u1ec3 b\u1eaft \u0111\u1ea7u chuy\u1ebfn phi\u00eau l\u01b0u cho con b\u1ea1n ngay l\u1eadp t\u1ee9c n\u00e0o!<\/p>","protected":false},"excerpt":{"rendered":"<p data-sourcepos=\"3:1-3:82\">L\u1eb7n ti\u00ean c\u00e1 l\u00e0 m\u00f4n th\u1ec3 thao m\u1edbi \u0111\u1ea7y th\u00fa v\u1ecb cho c\u00e1c b\u00e9 y\u00eau th\u00edch n\u01b0\u1edbc, gi\u00fap c\u00e1c b\u00e9 c\u1ea3i thi\u1ec7n th\u1ec3 ch\u1ea5t v\u00e0 n\u0103ng l\u1ef1c v\u1eadn \u0111\u1ed9ng m\u1ed9t c\u00e1ch t\u1ef1 do v\u00e0 tho\u1ea3i m\u00e1i<\/p>","protected":false},"featured_media":2281,"comment_status":"open","ping_status":"closed","template":"","meta":[],"product_cat":[32,78,79,55,56],"product_tag":[61,59,80],"class_list":{"0":"post-2280","1":"product","2":"type-product","3":"status-publish","4":"has-post-thumbnail","6":"product_cat-all-tours-trips","7":"product_cat-for-kids","8":"product_cat-ho-chi-minh","9":"product_cat-nha-trang","10":"product_cat-padi-courses","11":"product_tag-2-days","12":"product_tag-beginners","13":"product_tag-youth","15":"first","16":"instock","17":"shipping-taxable","18":"purchasable","19":"product-type-simple"},"_links":{"self":[{"href":"https:\/\/hcm.rumblefishvietnam.com\/vi\/wp-json\/wp\/v2\/product\/2280","targetHints":{"allow":["GET"]}}],"collection":[{"href":"https:\/\/hcm.rumblefishvietnam.com\/vi\/wp-json\/wp\/v2\/product"}],"about":[{"href":"https:\/\/hcm.rumblefishvietnam.com\/vi\/wp-json\/wp\/v2\/types\/product"}],"replies":[{"embeddable":true,"href":"https:\/\/hcm.rumblefishvietnam.com\/vi\/wp-json\/wp\/v2\/comments?post=2280"}],"wp:featuredmedia":[{"embeddable":true,"href":"https:\/\/hcm.rumblefishvietnam.com\/vi\/wp-json\/wp\/v2\/media\/2281"}],"wp:attachment":[{"href":"https:\/\/hcm.rumblefishvietnam.com\/vi\/wp-json\/wp\/v2\/media?parent=2280"}],"wp:term":[{"taxonomy":"product_cat","embeddable":true,"href":"https:\/\/hcm.rumblefishvietnam.com\/vi\/wp-json\/wp\/v2\/product_cat?post=2280"},{"taxonomy":"product_tag","embeddable":true,"href":"https:\/\/hcm.rumblefishvietnam.com\/vi\/wp-json\/wp\/v2\/product_tag?post=2280"}],"curies":[{"name":"wp","href":"https:\/\/api.w.org\/{rel}","templated":true}]}}