{"id":2282,"date":"2024-06-01T14:37:19","date_gmt":"2024-06-01T11:37:19","guid":{"rendered":"https:\/\/hcm.rumblefishvietnam.com\/?post_type=product&#038;p=2282"},"modified":"2024-12-17T07:36:08","modified_gmt":"2024-12-17T04:36:08","slug":"padi-basic-freediver","status":"publish","type":"product","link":"https:\/\/hcm.rumblefishvietnam.com\/vi\/san-pham\/padi-basic-freediver\/","title":{"rendered":"L\u1eb7n t\u1ef1 do c\u01a1 b\u1ea3n"},"content":{"rendered":"<p data-sourcepos=\"3:1-3:86\">B\u1ea1n mu\u1ed1n kh\u00e1m ph\u00e1 th\u1ebf gi\u1edbi d\u01b0\u1edbi n\u01b0\u1edbc b\u1eb1ng m\u1ed9t h\u01a1i th\u1edf kh\u00f4ng? Kho\u00e1 l\u1eb7n t\u1ef1 do c\u01a1 b\u1ea3n ch\u00ednh l\u00e0 \u0111i\u1ec3m xu\u1ea5t ph\u00e1t ho\u00e0n h\u1ea3o cho b\u1ea1n.<\/p>\n<p data-sourcepos=\"5:1-5:28\"><strong>Thi\u1ebft k\u1ebf cho ng\u01b0\u1eddi m\u1edbi b\u1eaft \u0111\u1ea7u:<\/strong><\/p>\n<p data-sourcepos=\"7:1-7:79\">Kho\u00e1 h\u1ecdc ph\u00f9 h\u1ee3p cho ng\u01b0\u1eddi t\u1eeb 12 tu\u1ed5i tr\u1edf l\u00ean, kh\u00f4ng s\u1ee3 n\u01b0\u1edbc v\u00e0 th\u00edch phi\u00eau l\u01b0u. Kh\u00f4ng y\u00eau c\u1ea7u kinh nghi\u1ec7m l\u1eb7n t\u1ef1 do!<\/p>\n<p data-sourcepos=\"9:1-9:27\"><strong>H\u1ecdc c\u00e1c nguy\u00ean t\u1eafc c\u01a1 b\u1ea3n:<\/strong><\/p>\n<ul data-sourcepos=\"11:1-11:60\">\n<li data-sourcepos=\"11:1-11:60\"><strong>N\u1eafm b\u1eaft k\u1ef9 thu\u1eadt n\u00edn th\u1edf:<\/strong> Kh\u00e1m ph\u00e1 b\u00ed quy\u1ebft k\u00e9o d\u00e0i t\u1ed1i \u0111a th\u1eddi gian gi\u1eef h\u01a1i \u0111\u1ec3 tr\u1ea3i nghi\u1ec7m d\u01b0\u1edbi n\u01b0\u1edbc l\u00e2u h\u01a1n v\u00e0 th\u00fa v\u1ecb h\u01a1n.<\/li>\n<li data-sourcepos=\"12:1-12:96\"><strong>T\u1eadp luy\u1ec7n \u1edf h\u1ed3 b\u01a1i:<\/strong> Th\u1ef1c h\u00e0nh k\u1ef9 thu\u1eadt l\u1eb7n t\u1ef1 do an to\u00e0n v\u00e0 hi\u1ec7u qu\u1ea3 trong m\u00f4i tr\u01b0\u1eddng h\u1ed3 b\u01a1i<\/li>\n<li data-sourcepos=\"13:1-14:0\"><strong>Quy tr\u00ecnh \u0111\u1ed3ng h\u00e0nh l\u1eb7n:<\/strong> H\u1ecdc c\u00e1c nguy\u00ean t\u1eafc an to\u00e0n quan tr\u1ecdng \u0111\u1ec3 \u0111\u1ea3m b\u1ea3o cu\u1ed9c l\u1eb7n kh\u00e1m ph\u00e1 vui v\u1ebb v\u00e0 c\u00f3 tr\u00e1ch nhi\u1ec7m v\u1edbi b\u1ea1n l\u1eb7n \u0111\u1ed3ng h\u00e0nh<\/li>\n<\/ul>\n<p data-sourcepos=\"15:1-15:21\"><strong>Chi ti\u1ebft kho\u00e1 h\u1ecdc<\/strong><\/p>\n<ul data-sourcepos=\"17:1-18:136\">\n<li data-sourcepos=\"17:1-17:198\"><strong>T\u1ef1 h\u1ecdc:<\/strong> N\u1eafm b\u1eaft ki\u1ebfn th\u1ee9c c\u01a1 b\u1ea3n th\u00f4ng qua n\u1ec1n t\u1ea3ng eLearning l\u1eb7n t\u1ef1 do (b\u1eb1ng nhi\u1ec1u ng\u00f4n ng\u1eef). <strong>[Tu\u1ef3 ch\u1ecdn: gi\u00e1o vi\u00ean d\u1ea1y tr\u1ef1c ti\u1ebfp n\u1ebfu c\u00f3]<\/strong><\/li>\n<li data-sourcepos=\"18:1-18:136\"><strong>Th\u1ef1c h\u00e0nh h\u1ed3 b\u01a1i:<\/strong> Bi\u1ebfn l\u00fd thuy\u1ebft th\u00e0nh th\u1ef1c t\u1ebf c\u00f9ng gi\u00e1o vi\u00ean PADI, t\u1eadp trung v\u00e0o n\u00edn th\u1edf t\u0129nh (gi\u1eef h\u01a1i n\u1eb1m nguy\u00ean) v\u00e0 l\u1eb7n xa (b\u01a1i d\u01b0\u1edbi n\u01b0\u1edbc trong m\u1ed9t h\u01a1i th\u1edf).<\/li>\n<\/ul>\n<p data-sourcepos=\"20:1-20:19\"><strong>\u0110\u1eb7t m\u1ee5c ti\u00eau:<\/strong><\/p>\n<p data-sourcepos=\"22:1-22:193\">Kho\u00e1 l\u1eb7n t\u1ef1 do c\u01a1 b\u1ea3n gi\u00fap b\u1ea1n \u0111\u1ea1t \u0111\u01b0\u1ee3c m\u1ee5c ti\u00eau n\u00edn th\u1edf t\u0129nh 90 gi\u00e2y v\u00e0 l\u1eb7n xa 25 m\u00e9t. M\u1ed9t xu\u1ea5t ph\u00e1t \u0111i\u1ec3m quan tr\u1ecdng cho h\u00e0nh tr\u00ecnh l\u1eb7n t\u1ef1 do c\u1ee7a b\u1ea1n.<\/p>\n<p data-sourcepos=\"24:1-24:29\"><strong>B\u1ea1n s\u1eb5n s\u00e0ng lao xu\u1ed1ng n\u01b0\u1edbc r\u1ed3i ch\u1ee9?<\/strong><\/p>\n<p data-sourcepos=\"26:1-26:96\">H\u00e3y tham gia v\u00e0o kho\u00e1 h\u1ecdc l\u1eb7n t\u1ef1 do c\u01a1 b\u1ea3n ngay h\u00f4m nay v\u00e0 khai m\u1edf nh\u1eefng b\u00ed m\u1eadt c\u1ee7a th\u1ebf gi\u1edbi d\u01b0\u1edbi n\u01b0\u1edbc!<\/p>","protected":false},"excerpt":{"rendered":"<p>B\u1ea1n s\u1ebd h\u1ecdc nh\u1eefng nguy\u00ean t\u1eafc l\u1eb7n t\u1ef1 do c\u01a1 b\u1ea3n t\u1eadp trung v\u00e0o k\u1ef9 thu\u1eadt n\u00edn th\u1edf \u1edf h\u1ed3 b\u01a1i<\/p>","protected":false},"featured_media":2283,"comment_status":"open","ping_status":"closed","template":"","meta":[],"product_cat":[32,68,81,79,55,56],"product_tag":[61,59],"class_list":{"0":"post-2282","1":"product","2":"type-product","3":"status-publish","4":"has-post-thumbnail","6":"product_cat-all-tours-trips","7":"product_cat-daily-diving","8":"product_cat-freediving","9":"product_cat-ho-chi-minh","10":"product_cat-nha-trang","11":"product_cat-padi-courses","12":"product_tag-2-days","13":"product_tag-beginners","15":"first","16":"instock","17":"shipping-taxable","18":"purchasable","19":"product-type-simple"},"_links":{"self":[{"href":"https:\/\/hcm.rumblefishvietnam.com\/vi\/wp-json\/wp\/v2\/product\/2282","targetHints":{"allow":["GET"]}}],"collection":[{"href":"https:\/\/hcm.rumblefishvietnam.com\/vi\/wp-json\/wp\/v2\/product"}],"about":[{"href":"https:\/\/hcm.rumblefishvietnam.com\/vi\/wp-json\/wp\/v2\/types\/product"}],"replies":[{"embeddable":true,"href":"https:\/\/hcm.rumblefishvietnam.com\/vi\/wp-json\/wp\/v2\/comments?post=2282"}],"wp:featuredmedia":[{"embeddable":true,"href":"https:\/\/hcm.rumblefishvietnam.com\/vi\/wp-json\/wp\/v2\/media\/2283"}],"wp:attachment":[{"href":"https:\/\/hcm.rumblefishvietnam.com\/vi\/wp-json\/wp\/v2\/media?parent=2282"}],"wp:term":[{"taxonomy":"product_cat","embeddable":true,"href":"https:\/\/hcm.rumblefishvietnam.com\/vi\/wp-json\/wp\/v2\/product_cat?post=2282"},{"taxonomy":"product_tag","embeddable":true,"href":"https:\/\/hcm.rumblefishvietnam.com\/vi\/wp-json\/wp\/v2\/product_tag?post=2282"}],"curies":[{"name":"wp","href":"https:\/\/api.w.org\/{rel}","templated":true}]}}