{"id":2284,"date":"2024-06-01T14:40:43","date_gmt":"2024-06-01T11:40:43","guid":{"rendered":"https:\/\/hcm.rumblefishvietnam.com\/?post_type=product&#038;p=2284"},"modified":"2024-06-01T14:43:49","modified_gmt":"2024-06-01T11:43:49","slug":"padi-freediver","status":"publish","type":"product","link":"https:\/\/hcm.rumblefishvietnam.com\/vi\/san-pham\/padi-freediver\/","title":{"rendered":"L\u1eb7n t\u1ef1 do"},"content":{"rendered":"<p data-sourcepos=\"3:1-3:111\">B\u1ea1n mong mu\u1ed1n k\u1ebft n\u1ed1i s\u00e2u s\u1eafc h\u01a1n v\u1edbi \u0111\u1ea1i d\u01b0\u01a1ng? L\u1eb7n t\u1ef1 do l\u00e0 c\u00e1nh c\u1eeda \u0111\u1ed9c nh\u1ea5t \u0111\u1ec3 kh\u00e1m ph\u00e1 th\u1ebf gi\u1edbi d\u01b0\u1edbi n\u01b0\u1edbc trong t\u0129nh l\u1eb7ng, theo c\u00e1ch c\u1ee7a ch\u00ednh b\u1ea1n ch\u1ec9 b\u1eb1ng m\u1ed9t h\u01a1i th\u1edf.<\/p>\n<p data-sourcepos=\"5:1-5:32\"><strong>L\u1eb7n t\u1ef1 do c\u00f3 d\u00e0nh cho b\u1ea1n kh\u00f4ng?<\/strong><\/p>\n<p data-sourcepos=\"7:1-7:33\">Kho\u00e1 h\u1ecdc l\u1eb7n t\u1ef1 l\u00e0 c\u00e1nh c\u1eeda b\u01b0\u1edbc v\u00e0o tr\u1ea3i nghi\u1ec7m n\u00e0y. \u0110\u00e2y l\u00e0 l\u00fd do \u0111\u1ec3 th\u1ea5y l\u1eb7n t\u1ef1 do l\u00e0 l\u1ef1a ch\u1ecdn ho\u00e0n h\u1ea3o cho b\u1ea1n:<\/p>\n<ul data-sourcepos=\"9:1-9:82\">\n<li data-sourcepos=\"9:1-9:82\"><strong>N\u1ed9i l\u1ef1c:<\/strong> L\u1eb7n t\u1ef1 do k\u00edch th\u00edch s\u1ee9c m\u1ea1nh n\u1ed9i t\u1ea1i, s\u1ef1 r\u00e8n luy\u1ec7n v\u00e0 kh\u1ea3 n\u0103ng ki\u1ec3m so\u00e1t c\u1ee7a b\u1ea1n. \u0110\u00f3 l\u00e0 h\u00e0nh tr\u00ecnh t\u1ef1 kh\u00e1m ph\u00e1.<\/li>\n<li data-sourcepos=\"10:1-10:106\"><strong>S\u1ef1 kh\u00e1m ph\u00e1 trong t\u0129nh l\u1eb7ng:<\/strong> Tr\u1ea3i nghi\u1ec7m th\u1ebf gi\u1edbi d\u01b0\u1edbi n\u01b0\u1edbc theo m\u1ed9t c\u00e1ch ho\u00e0n to\u00e0n kh\u00e1c, t\u00e1ch bi\u1ec7t kh\u1ecfi s\u1ef1 \u1ed3n \u00e0o v\u00e0 bong b\u00f3ng<\/li>\n<li data-sourcepos=\"11:1-11:1\"><strong>K\u00e9o d\u00e0i h\u01a1i th\u1edf:<\/strong> N\u1eafm b\u1eaft k\u1ef9 thu\u1eadt n\u00edn th\u1edf \u0111\u1ec3 k\u00e9o d\u00e0i t\u1ed1i \u0111a th\u1eddi gian d\u01b0\u1edbi n\u01b0\u1edbc<\/li>\n<\/ul>\n<p data-sourcepos=\"13:1-13:25\"><strong>B\u1ea1n \u0111\u00e3 s\u1eb5n s\u00e0ng ch\u01b0a?<\/strong><\/p>\n<p data-sourcepos=\"15:1-15:154\">Kho\u00e1 l\u1eb7n t\u1ef1 do d\u00e0nh cho m\u1ecdi ng\u01b0\u1eddi t\u1eeb 12 tu\u1ed5i tr\u1edf l\u00ean c\u00f3 kh\u1ea3 n\u0103ng b\u01a1i l\u1ed9i v\u00e0 th\u00edch m\u1ea1o hi\u1ec3m. Kh\u00f4ng c\u1ea7n c\u00f3 kinh nghi\u1ec7m l\u1eb7n.<\/p>\n<p data-sourcepos=\"17:1-17:25\"><strong>Chi ti\u1ebft kho\u00e1 h\u1ecdc:<\/strong><\/p>\n<p data-sourcepos=\"19:1-19:58\">Ch\u01b0\u01a1ng tr\u00ecnh ti\u1ebfp c\u1eadn l\u1eb7n t\u1ef1 do m\u1ed9t c\u00e1ch to\u00e0n di\u1ec7n:<\/p>\n<ul data-sourcepos=\"21:1-22:121\">\n<li data-sourcepos=\"21:1-21:167\"><strong>Ph\u00e1t tri\u1ec3n ki\u1ebfn th\u1ee9c:<\/strong> N\u1eafm \u0111\u01b0\u1ee3c ki\u1ebfn th\u1ee9c c\u01a1 b\u1ea3n th\u00f4ng qua n\u1ec1n t\u1ea3ng elearning (b\u1eb1ng nhi\u1ec1u ng\u00f4n ng\u1eef) ho\u1eb7c h\u1ecdc v\u1edbi gi\u00e1o vi\u00ean (n\u1ebfu c\u00f3)<\/li>\n<li data-sourcepos=\"22:1-22:121\"><strong>T\u1eadp luy\u1ec7n \u1edf h\u1ed3 b\u01a1i:<\/strong> L\u00e0m ch\u1ee7 k\u1ef9 thu\u1eadt gi\u1eef h\u01a1i, n\u00edn th\u1edf t\u0129nh (gi\u1eef h\u01a1i th\u1edf n\u1eb1m nguy\u00ean), v\u00e0 l\u1eb7n xa (b\u01a1i d\u01b0\u1edbi n\u01b0\u1edbc trong m\u1ed9t h\u01a1i) t\u1ea1i h\u1ed3 b\u01a1i<\/li>\n<li data-sourcepos=\"23:1-24:0\"><strong>L\u1eb7n \u1edf v\u00f9ng n\u01b0\u1edbc m\u1edf:<\/strong> Ki\u1ec3m tra k\u1ef9 n\u0103ng \u1edf bi\u1ec3n, th\u1ef1c h\u00e0nh l\u1eb7n k\u00e9o d\u00e2y (l\u1eb7n s\u00e2u) v\u00e0 l\u1eb7n b\u1eb1ng ch\u00e2n v\u1ecbt (s\u1eed d\u1ee5ng tr\u1ecdng l\u01b0\u1ee3ng c\u1ee7a b\u1ea3n th\u00e2n). B\u1ea1n c\u0169ng s\u1ebd h\u1ecdc v\u1ec1 quy tr\u00ecnh gh\u00e9p c\u1eb7p khi l\u1eb7n \u0111\u1ec3 l\u1eb7n an to\u00e0n.<\/li>\n<\/ul>\n<p data-sourcepos=\"25:1-25:19\"><strong>\u0110\u1eb7t m\u1ee5c ti\u00eau:<\/strong><\/p>\n<p data-sourcepos=\"27:1-27:244\">B\u1ea1n s\u1ebd \u0111\u1ea1t \u0111\u01b0\u1ee3c th\u00e0nh t\u00edch n\u00edn th\u1edf t\u0129nh 90 gi\u00e2y, l\u1eb7n xa 25 m\u00e9t v\u00e0 l\u1eb7n s\u00e2u 10 m\u00e9t. \u0110\u00e2y l\u00e0 c\u1ed9t m\u1ed1c \u0111\u1ea7u ti\u00ean cho cu\u1ed9c kh\u00e1m ph\u00e1 th\u1ebf gi\u1edbi d\u01b0\u1edbi n\u01b0\u1edbc.<\/p>\n<p data-sourcepos=\"29:1-29:20\"><strong>Lao xu\u1ed1ng n\u01b0\u1edbc th\u00f4i!<\/strong><\/p>\n<p data-sourcepos=\"31:1-31:103\">H\u00e3y tham gia kho\u00e1 h\u1ecdc l\u1eb7n t\u1ef1 do ngay h\u00f4m nay v\u00e0 khai m\u1edf nh\u1eefng b\u00ed m\u1eadt c\u1ee7a th\u1ebf gi\u1edbi t\u0129nh l\u1eb7ng b\u00ean d\u01b0\u1edbi nh\u1eefng l\u00e0n n\u01b0\u1edbc n\u00e0o!<\/p>","protected":false},"excerpt":{"rendered":"<p>B\u01b0\u1edbc \u0111\u1ea7u ti\u00ean c\u1ee7a b\u1ea1n v\u1ec1 kh\u00e1m ph\u00e1 t\u1ea1i sao nh\u1ea3y d\u00f9 t\u1ef1 do l\u00e0 tr\u1edf th\u00e0nh m\u1ed9t ng\u01b0\u1eddi n\u1ed5i ti\u1ebfng c\u00e1ch \u0111\u1ec3 kh\u00e1m ph\u00e1 b\u00ean d\u01b0\u1edbi nh\u1eefng con s\u00f3ng. Kh\u00f4ng c\u00f3 tr\u01b0\u1edbc nh\u1ea3y d\u00f9 t\u1ef1 do nhi\u00ean l\u00e0 c\u1ea7n thi\u1ebft.<\/p>","protected":false},"featured_media":2285,"comment_status":"open","ping_status":"closed","template":"","meta":[],"product_cat":[32,81,79,55,56],"product_tag":[57,59],"class_list":{"0":"post-2284","1":"product","2":"type-product","3":"status-publish","4":"has-post-thumbnail","6":"product_cat-all-tours-trips","7":"product_cat-freediving","8":"product_cat-ho-chi-minh","9":"product_cat-nha-trang","10":"product_cat-padi-courses","11":"product_tag-3-days","12":"product_tag-beginners","14":"first","15":"instock","16":"shipping-taxable","17":"purchasable","18":"product-type-simple"},"_links":{"self":[{"href":"https:\/\/hcm.rumblefishvietnam.com\/vi\/wp-json\/wp\/v2\/product\/2284","targetHints":{"allow":["GET"]}}],"collection":[{"href":"https:\/\/hcm.rumblefishvietnam.com\/vi\/wp-json\/wp\/v2\/product"}],"about":[{"href":"https:\/\/hcm.rumblefishvietnam.com\/vi\/wp-json\/wp\/v2\/types\/product"}],"replies":[{"embeddable":true,"href":"https:\/\/hcm.rumblefishvietnam.com\/vi\/wp-json\/wp\/v2\/comments?post=2284"}],"wp:featuredmedia":[{"embeddable":true,"href":"https:\/\/hcm.rumblefishvietnam.com\/vi\/wp-json\/wp\/v2\/media\/2285"}],"wp:attachment":[{"href":"https:\/\/hcm.rumblefishvietnam.com\/vi\/wp-json\/wp\/v2\/media?parent=2284"}],"wp:term":[{"taxonomy":"product_cat","embeddable":true,"href":"https:\/\/hcm.rumblefishvietnam.com\/vi\/wp-json\/wp\/v2\/product_cat?post=2284"},{"taxonomy":"product_tag","embeddable":true,"href":"https:\/\/hcm.rumblefishvietnam.com\/vi\/wp-json\/wp\/v2\/product_tag?post=2284"}],"curies":[{"name":"wp","href":"https:\/\/api.w.org\/{rel}","templated":true}]}}