{"id":2291,"date":"2024-06-01T15:01:09","date_gmt":"2024-06-01T12:01:09","guid":{"rendered":"https:\/\/hcm.rumblefishvietnam.com\/?post_type=product&#038;p=2291"},"modified":"2024-12-17T07:31:53","modified_gmt":"2024-12-17T04:31:53","slug":"padi-mermaid","status":"publish","type":"product","link":"https:\/\/hcm.rumblefishvietnam.com\/vi\/san-pham\/padi-mermaid\/","title":{"rendered":"L\u1eb7n ti\u00ean c\u00e1"},"content":{"rendered":"<p data-sourcepos=\"3:1-3:83\">B\u1ea1n s\u1eb5n s\u00e0ng n\u00e2ng cao k\u1ef9 n\u0103ng l\u1eb7n ti\u00ean c\u00e1 c\u1ee7a m\u00ecnh ch\u01b0a? Kho\u00e1 l\u1eb7n ti\u00ean c\u00e1 PADI s\u1ebd gi\u00fap b\u1ea1n ti\u1ebfn b\u1ed9 v\u01b0\u1ee3t b\u1eadc!<\/p>\n<p data-sourcepos=\"5:1-5:31\"><strong>Gi\u1ea3i ph\u00f3ng n\u00e0ng ti\u00ean c\u00e1 trong b\u1ea1n:<\/strong><\/p>\n<p data-sourcepos=\"7:1-7:95\">Kho\u00e1 h\u1ecdc d\u1ef1a tr\u00ean n\u1ec1n t\u1ea3ng c\u1ee7a b\u1ea1n \u0111\u1ec3 ph\u00e1t tri\u1ec3n v\u1edbi th\u00eam m\u1ed9t bu\u1ed5i d\u01b0\u1edbi n\u01b0\u1edbc t\u1eadp trung v\u00e0o k\u1ef9 n\u0103ng l\u1eb7n ti\u00ean c\u00e1 gi\u00fap b\u1ea1n to\u1ea3 s\u00e1ng<\/p>\n<p data-sourcepos=\"9:1-9:19\"><strong>B\u1ea1n k\u00ec v\u1ecdng:<\/strong><\/p>\n<ul data-sourcepos=\"11:1-11:101\">\n<li data-sourcepos=\"11:1-11:101\"><strong>H\u1ecdc cao h\u01a1n l\u1edbp c\u01a1 b\u1ea3n:<\/strong> Luy\u1ec7n t\u1eadp c\u00e1c c\u00e1ch di chuy\u1ec3n m\u1ec1m m\u1ea1i v\u00e0 l\u1ea3 l\u01b0\u1edbt khi\u1ebfn cho l\u1eb7n ti\u00ean c\u00e1 kh\u00e1c bi\u1ec7t v\u1edbi c\u00e1c h\u00ecnh th\u1ee9c kh\u00e1c<\/li>\n<li data-sourcepos=\"12:1-12:84\"><strong>L\u1eb7n t\u1ef1 tin h\u01a1n:<\/strong> Th\u00e0nh th\u1ea1o c\u00e1c k\u1ef9 thu\u1eadt l\u00e0m say l\u00f2ng kh\u00e1n gi\u1ea3<\/li>\n<li data-sourcepos=\"13:1-13:39\"><strong>Tr\u1ea3i nghi\u1ec7m ni\u1ec1m vui thu\u1ea7n tu\u00fd:<\/strong> Gi\u1ea3i ph\u00f3ng s\u1ee9c s\u00e1ng t\u1ea1o v\u00e0 kh\u00e1m ph\u00e1 ni\u1ec1m vui b\u01a1i l\u01b0\u1ee3n d\u01b0\u1edbi n\u01b0\u1edbc v\u1edbi chi\u1ebfc \u0111u\u00f4i c\u00e1<\/li>\n<\/ul>\n<p data-sourcepos=\"15:1-15:25\"><strong>B\u1ea1n \u0111\u00e3 s\u1eb5n s\u00e0ng ch\u01b0a?<\/strong><\/p>\n<p data-sourcepos=\"17:1-17:88\">Tr\u01b0\u1edbc khi b\u1eaft \u0111\u1ea7u chuy\u1ebfn du h\u00e0nh k\u00ec di\u1ec7u n\u00e0y, h\u00e3y \u0111\u1ea3m b\u1ea3o r\u1eb1ng b\u1ea1n \u0111\u00e3 \u0111\u1ee7 ti\u00eau chu\u1ea9n c\u1ea7n thi\u1ebft nh\u00e9:<\/p>\n<ul data-sourcepos=\"19:1-21:0\">\n<li data-sourcepos=\"19:1-19:115\"><strong>K\u1ef9 thu\u1eadt b\u01a1i t\u1ed1t:<\/strong> C\u00f3 th\u1ec3 b\u01a1i \u00edt nh\u1ea5t 50 m\u00e9t kh\u00f4ng c\u00f3 c\u00f4ng c\u1ee5 h\u1ed7 tr\u1ee3<\/li>\n<li data-sourcepos=\"20:1-21:0\"><strong>N\u1ed5i th\u01b0 gi\u00e3n:<\/strong> N\u1ed5i tr\u00ean m\u1eb7t n\u01b0\u1edbc m\u1ed9t c\u00e1ch tho\u1ea3i m\u00e1i trong \u00edt nh\u1ea5t 5 ph\u00fat<\/li>\n<\/ul>\n<p data-sourcepos=\"22:1-22:39\"><strong>B\u1ea1n \u0111\u00e3 s\u1eb5n s\u00e0ng l\u1eb7n s\u00e2u h\u01a1n v\u00e0o th\u1ebf gi\u1edbi ti\u00ean c\u00e1 ch\u01b0a? H\u00e3y \u0111\u0103ng k\u00ed kho\u00e1 ti\u00ean c\u00e1 PADI ngay h\u00f4m nay \u0111i!<\/strong><\/p>","protected":false},"excerpt":{"rendered":"<p>H\u1ecdc c\u00e1c k\u1ef9 n\u0103ng \u1ea5n t\u01b0\u1ee3ng d\u01b0\u1edbi n\u01b0\u1edbc gi\u00fap l\u1eb7n ti\u00ean c\u00e1  \u0111\u1eb7c bi\u1ec7t so v\u1edbi c\u00e1c h\u00ecnh th\u1ee9c l\u1eb7n kh\u00e1c<\/p>","protected":false},"featured_media":2292,"comment_status":"open","ping_status":"closed","template":"","meta":[],"product_cat":[32,78,79,82,55,56,74],"product_tag":[61,59],"class_list":{"0":"post-2291","1":"product","2":"type-product","3":"status-publish","4":"has-post-thumbnail","6":"product_cat-all-tours-trips","7":"product_cat-for-kids","8":"product_cat-ho-chi-minh","9":"product_cat-mermaid","10":"product_cat-nha-trang","11":"product_cat-padi-courses","12":"product_cat-start-diving","13":"product_tag-2-days","14":"product_tag-beginners","16":"first","17":"instock","18":"shipping-taxable","19":"purchasable","20":"product-type-simple"},"_links":{"self":[{"href":"https:\/\/hcm.rumblefishvietnam.com\/vi\/wp-json\/wp\/v2\/product\/2291","targetHints":{"allow":["GET"]}}],"collection":[{"href":"https:\/\/hcm.rumblefishvietnam.com\/vi\/wp-json\/wp\/v2\/product"}],"about":[{"href":"https:\/\/hcm.rumblefishvietnam.com\/vi\/wp-json\/wp\/v2\/types\/product"}],"replies":[{"embeddable":true,"href":"https:\/\/hcm.rumblefishvietnam.com\/vi\/wp-json\/wp\/v2\/comments?post=2291"}],"wp:featuredmedia":[{"embeddable":true,"href":"https:\/\/hcm.rumblefishvietnam.com\/vi\/wp-json\/wp\/v2\/media\/2292"}],"wp:attachment":[{"href":"https:\/\/hcm.rumblefishvietnam.com\/vi\/wp-json\/wp\/v2\/media?parent=2291"}],"wp:term":[{"taxonomy":"product_cat","embeddable":true,"href":"https:\/\/hcm.rumblefishvietnam.com\/vi\/wp-json\/wp\/v2\/product_cat?post=2291"},{"taxonomy":"product_tag","embeddable":true,"href":"https:\/\/hcm.rumblefishvietnam.com\/vi\/wp-json\/wp\/v2\/product_tag?post=2291"}],"curies":[{"name":"wp","href":"https:\/\/api.w.org\/{rel}","templated":true}]}}