{"id":2441,"date":"2024-06-20T13:30:11","date_gmt":"2024-06-20T10:30:11","guid":{"rendered":"https:\/\/hcm.rumblefishvietnam.com\/?post_type=product&#038;p=2441"},"modified":"2024-06-20T13:32:15","modified_gmt":"2024-06-20T10:32:15","slug":"peak-performance-buoyancy","status":"publish","type":"product","link":"https:\/\/hcm.rumblefishvietnam.com\/vi\/san-pham\/peak-performance-buoyancy\/","title":{"rendered":"Th\u1ef1c h\u00e0nh c\u00e2n b\u1eb1ng \u0111\u1ed9 n\u1ed5i"},"content":{"rendered":"<p data-sourcepos=\"1:1-1:83\"><strong>L\u1eb7n nh\u01b0 chuy\u00ean gia: Ki\u1ec3m so\u00e1t \u0111\u1ed9 n\u1ed5i v\u1edbi k\u1ef9 n\u0103ng c\u00e2n b\u1eb1ng d\u01b0\u1edbi n\u01b0\u1edbc PADI<\/strong><\/p>\n<p data-sourcepos=\"3:1-3:66\"><strong>B\u1ea1n mu\u1ed1n n\u00e2ng c\u1ea5p kinh nghi\u1ec7m l\u1eb7n?<\/strong> H\u00e3y xem x\u00e9t kho\u00e1 h\u1ecdc chuy\u00ean bi\u1ec7t v\u1ec1 c\u00e2n b\u1eb1ng \u0111\u1ed9 n\u1ed5i c\u1ee7a PADI. Ch\u01b0\u01a1ng tr\u00ecnh \u0111\u01b0\u1ee3c x\u00e2y d\u1ef1ng \u0111\u1ec3 gi\u00fap b\u1ea1n l\u00e0m ch\u1ee7 \u0111\u01b0\u1ee3c kh\u1ea3 n\u0103ng ki\u1ec3m so\u00e1t \u0111\u1ed9 n\u1ed5i c\u1ee7a b\u1ea3n th\u00e2n.<\/p>\n<p data-sourcepos=\"5:1-5:2\"><strong>B\u1edbt di chuy\u1ec3n, L\u1eb7n b\u1edbt m\u1ec7t:<\/strong><\/p>\n<ul data-sourcepos=\"7:1-7:129\">\n<li data-sourcepos=\"7:1-7:129\"><strong>L\u1eb7n l\u00ean v\u00e0 xu\u1ed1ng c\u00f3 ki\u1ec3m so\u00e1t:<\/strong> H\u1ecdc c\u00e1ch ki\u1ec3m so\u00e1t \u0111\u1ed9 n\u1ed5i th\u1eadt t\u1ed1t \u0111\u1ec3 di chuy\u1ec3n nh\u1eb9 nh\u00e0ng, l\u01b0\u1edbt nh\u1eb9 \u1edf d\u01b0\u1edbi s\u00e2u.<\/li>\n<li data-sourcepos=\"8:1-8:133\"><strong>L\u01b0\u1edbt nh\u1eb9 nh\u00e0ng qua r\u1eb7ng:<\/strong> Ki\u1ec3m so\u00e1t t\u01b0 th\u1ebf di chuy\u1ec3n th\u1eb3ng, gi\u1ea3m thi\u1ec3u t\u00e1c \u0111\u1ed9ng t\u1edbi m\u00f4i tr\u01b0\u1eddng d\u01b0\u1edbi n\u01b0\u1edbc nh\u1ea1y c\u1ea3m.<\/li>\n<li data-sourcepos=\"9:1-9:36\"><strong>T\u00ecm ra t\u01b0 th\u1ebf ho\u00e0n h\u1ea3o cho m\u00ecnh:<\/strong> Nh\u1eb9 nh\u00e0ng \u0111\u1eb7t m\u00ecnh v\u00e0o v\u1ecb tr\u00ed ch\u1ee5p h\u00ecnh d\u01b0\u1edbi n\u01b0\u1edbc thu\u1eadn l\u1ee3i hay \u0111\u1ec3 quan s\u00e1t sinh v\u1eadt bi\u1ec3n g\u1ea7n h\u01a1n.<\/li>\n<li data-sourcepos=\"10:1-11:0\"><strong>L\u1eb7n l\u00e2u h\u01a1n, th\u1edf d\u1ec5 h\u01a1n:<\/strong> T\u1ed1i \u0111a ho\u00e1 l\u01b0\u1ee3ng kh\u00ed ti\u00eau hao v\u00e0 s\u1eed d\u1ee5ng n\u0103ng l\u01b0\u1ee3ng khi ki\u1ec3m so\u00e1t \u0111\u1ed9 n\u1ed5i.<\/li>\n<\/ul>\n<p data-sourcepos=\"12:1-12:28\"><strong>Tr\u1edf th\u00e0nh m\u1ed9t ninja v\u1ec1 \u0111\u1ed9 n\u1ed5i:<\/strong><\/p>\n<p data-sourcepos=\"14:1-14:259\">H\u00e3y ngh\u0129 t\u1edbi vi\u1ec7c l\u01b0\u1edbt nh\u1eb9 qua l\u00e0n n\u01b0\u1edbc, tr\u00f4i kh\u00f4ng tr\u1ecdng l\u01b0\u1ee3ng d\u01b0\u1edbi \u0111\u00e1y v\u00e0 ki\u1ec3m so\u00e1t tuy\u1ec7t \u0111\u1ed1i \u0111\u01b0\u1ee3c \u0111\u1ed9 n\u1ed5i c\u1ee7a b\u1ea3n th\u00e2n. Kho\u00e1 chuy\u00ean bi\u1ec7t v\u1ec1 \u0111\u1ed9 n\u1ed5i s\u1ebd gi\u00fap b\u1ea1n c\u00f3 \u0111\u01b0\u1ee3c k\u1ef9 n\u0103ng \u0111\u00f3 \u0111\u1ec3 c\u00e1c ca l\u1eb7n tho\u1ea3i m\u00e1i h\u01a1n v\u00e0 hi\u1ec7u qu\u1ea3 h\u01a1n.<\/p>\n<p data-sourcepos=\"16:1-16:2\"><strong>Kho\u00e1 h\u1ecdc bao g\u1ed3m:<\/strong><\/p>\n<ul data-sourcepos=\"18:1-25:0\">\n<li data-sourcepos=\"18:1-18:90\">T\u00e0i li\u1ec7u v\u1ec1 k\u1ef9 n\u0103ng chuy\u00ean c\u00e2n b\u1eb1ng \u0111\u1ed9 n\u1ed5i<\/li>\n<li data-sourcepos=\"19:1-19:46\">2 bu\u1ed5i th\u1ef1c h\u00e0nh \u1edf v\u00f9ng n\u01b0\u1edbc m\u1edf<\/li>\n<li data-sourcepos=\"20:1-20:90\">Ch\u1ee9ng ch\u1ec9 ki\u1ec3m so\u00e1t \u0111\u1ed9 n\u1ed5i<\/li>\n<li data-sourcepos=\"21:1-21:41\">Chi ph\u00ed thi\u1ebft b\u1ecb l\u1eb7n b\u00ecnh kh\u00ed<\/li>\n<li data-sourcepos=\"22:1-22:38\">\u0110\u1ed3ng h\u1ed3 l\u1eb7n<\/li>\n<li data-sourcepos=\"23:1-23:46\">Nh\u1eadt k\u00fd ghi l\u1ea1i k\u1ebft qu\u1ea3 l\u1eb7n c\u1ee7a b\u1ea1n<\/li>\n<li data-sourcepos=\"24:1-25:0\">L\u1edbp nh\u1ecf v\u1edbi t\u1ed1i \u0111a 4 h\u1ecdc vi\u00ean cho 1 gi\u00e1o vi\u00ean<\/li>\n<\/ul>\n<p data-sourcepos=\"26:1-26:18\"><strong>Y\u00eau c\u1ea7u:<\/strong><\/p>\n<ul data-sourcepos=\"28:1-32:0\">\n<li data-sourcepos=\"28:1-28:145\">L\u00e0 th\u1ee3 l\u1eb7n b\u00ecnh kh\u00ed c\u00f3 ch\u1ee9ng ch\u1ec9 PADI ho\u1eb7c c\u1ee7a hi\u1ec7p h\u1ed9i kh\u00e1c t\u01b0\u01a1ng \u0111\u01b0\u01a1ng<\/li>\n<li data-sourcepos=\"29:1-29:114\">L\u1eb7n th\u01b0\u1eddng xuy\u00ean. N\u00ean tham gia kho\u00e1 \u00f4n t\u1eadp l\u1eb7n b\u00ecnh kh\u00ed n\u1ebfu ch\u01b0a l\u1eb7n t\u1eeb n\u0103m ngo\u00e1i<\/li>\n<li data-sourcepos=\"30:1-30:68\">\u00cdt nh\u1ea5t 10 tu\u1ed5i<\/li>\n<li data-sourcepos=\"31:1-32:0\">C\u00f3 x\u00e1c nh\u1eadn y t\u1ebf \u0111\u01b0\u1ee3c ph\u00e9p \u0111i l\u1eb7n<\/li>\n<\/ul>\n<p data-sourcepos=\"33:1-33:21\"><strong>Chi ti\u1ebft kho\u00e1 h\u1ecdc<\/strong><\/p>\n<p data-sourcepos=\"35:1-35:97\">Kho\u00e1 chuy\u00ean bi\u1ec7t v\u1ec1 c\u00e2n b\u1eb1ng \u0111\u1ed9 n\u1ed5i g\u1ed3m 2 ph\u1ea7n ch\u00ednh:<\/p>\n<ol data-sourcepos=\"37:1-37:80\">\n<li data-sourcepos=\"37:1-37:80\"><strong>Ph\u00e1t tri\u1ec3n ki\u1ebfn th\u1ee9c:<\/strong> Ch\u1ee7 \u0111\u1ed9ng t\u1ef1 h\u1ecdc l\u00fd thuy\u1ebft v\u1ec1 c\u00e2n b\u1eb1ng \u0111\u1ed9 n\u1ed5i v\u00e0 ho\u00e0n th\u00e0nh ph\u1ea7n \u00f4n t\u1eadp ki\u1ebfn th\u1ee9c \u0111\u1ec3 c\u1ee7ng c\u1ed1 n\u1ec1n t\u1ea3ng c\u1ee7a b\u1ea1n.<\/li>\n<li data-sourcepos=\"38:1-39:0\"><strong>Th\u1ef1c h\u00e0nh bi\u1ec3n:<\/strong> Bi\u1ebfn ki\u1ebfn th\u1ee9c m\u1edbi thu nh\u1eadn \u0111\u01b0\u1ee3c th\u00e0nh h\u00e0nh \u0111\u1ed9ng trong 2 ca l\u1eb7n \u1edf bi\u1ec3n v\u1edbi gi\u00e1o vi\u00ean c\u1ee7a b\u1ea1n, c\u1ea3i thi\u1ec7n k\u0129 n\u0103ng ki\u1ec3m so\u00e1t \u0111\u1ed9 n\u1ed5i tr\u00ean th\u1ef1c t\u1ebf.<\/li>\n<\/ol>\n<p data-sourcepos=\"40:1-40:175\"><strong>S\u1eb5n s\u00e0ng l\u1eb7n \u1edf c\u1ea5p cao h\u01a1n ch\u01b0a?<\/strong> \u0110\u0103ng k\u00ed kho\u00e1 chuy\u00ean bi\u1ec7t v\u1ec1 c\u00e2n b\u1eb1ng \u0111\u1ed9 n\u1ed5i v\u00e0 m\u1edf ra th\u1ebf gi\u1edbi phi\u00eau l\u01b0u l\u1eb7n kh\u00f4ng m\u1ec7t m\u1ecfi n\u00e0o!<\/p>","protected":false},"excerpt":{"rendered":"<p><strong>B\u1ea1n mu\u1ed1n n\u00e2ng c\u1ea5p kinh nghi\u1ec7m l\u1eb7n?<\/strong> \u0110\u00e2y l\u00e0 kho\u00e1 h\u1ecdc m\u00e0 m\u1ecdi hi\u1ec7p h\u1ed9i \u0111\u1ec1u mu\u1ed1n b\u1ea1n tr\u1ea3i nghi\u1ec7m \u0111\u1ec3 gi\u00fap b\u1ea1n tr\u1edf th\u00e0nh m\u1ed9t chuy\u00ean gia ki\u1ec3m so\u00e1t \u0111\u1ed9 n\u1ed5i khi l\u1eb7n!<\/p>","protected":false},"featured_media":2443,"comment_status":"open","ping_status":"closed","template":"","meta":[],"product_cat":[32,75,55,56],"product_tag":[63,62],"class_list":{"0":"post-2441","1":"product","2":"type-product","3":"status-publish","4":"has-post-thumbnail","6":"product_cat-all-tours-trips","7":"product_cat-continue-learning","8":"product_cat-nha-trang","9":"product_cat-padi-courses","10":"product_tag-1-day","11":"product_tag-continuing-education","13":"first","14":"instock","15":"shipping-taxable","16":"purchasable","17":"product-type-simple"},"_links":{"self":[{"href":"https:\/\/hcm.rumblefishvietnam.com\/vi\/wp-json\/wp\/v2\/product\/2441","targetHints":{"allow":["GET"]}}],"collection":[{"href":"https:\/\/hcm.rumblefishvietnam.com\/vi\/wp-json\/wp\/v2\/product"}],"about":[{"href":"https:\/\/hcm.rumblefishvietnam.com\/vi\/wp-json\/wp\/v2\/types\/product"}],"replies":[{"embeddable":true,"href":"https:\/\/hcm.rumblefishvietnam.com\/vi\/wp-json\/wp\/v2\/comments?post=2441"}],"wp:featuredmedia":[{"embeddable":true,"href":"https:\/\/hcm.rumblefishvietnam.com\/vi\/wp-json\/wp\/v2\/media\/2443"}],"wp:attachment":[{"href":"https:\/\/hcm.rumblefishvietnam.com\/vi\/wp-json\/wp\/v2\/media?parent=2441"}],"wp:term":[{"taxonomy":"product_cat","embeddable":true,"href":"https:\/\/hcm.rumblefishvietnam.com\/vi\/wp-json\/wp\/v2\/product_cat?post=2441"},{"taxonomy":"product_tag","embeddable":true,"href":"https:\/\/hcm.rumblefishvietnam.com\/vi\/wp-json\/wp\/v2\/product_tag?post=2441"}],"curies":[{"name":"wp","href":"https:\/\/api.w.org\/{rel}","templated":true}]}}