{"id":2450,"date":"2024-07-04T19:50:21","date_gmt":"2024-07-04T16:50:21","guid":{"rendered":"https:\/\/hcm.rumblefishvietnam.com\/?post_type=product&#038;p=2450"},"modified":"2024-12-17T07:34:04","modified_gmt":"2024-12-17T04:34:04","slug":"padi-master-freediver","status":"publish","type":"product","link":"https:\/\/hcm.rumblefishvietnam.com\/vi\/san-pham\/padi-master-freediver\/","title":{"rendered":"PADI Master Freediver"},"content":{"rendered":"<p data-sourcepos=\"3:1-3:67\">N\u1ebfu b\u1ea1n \u0111ang l\u00e0 ng\u01b0\u1eddi l\u1eb7n t\u1ef1 do trung c\u1ea5p v\u00e0 mu\u1ed1n n\u00e2ng cao gi\u1edbi h\u1ea1n c\u1ee7a m\u00ecnh th\u00ec kho\u00e1 h\u1ecdc Master Freediver ch\u00ednh l\u00e0 b\u01b0\u1edbc \u0111\u1ec7m gia nh\u1eadp gi\u1edbi l\u1eb7n t\u1ef1 do tinh hoa. Qua c\u00e1c bu\u1ed5i h\u1ecdc t\u0103ng c\u01b0\u1eddng, b\u1ea1n s\u1ebd c\u1ea3i thi\u1ec7n k\u0129 n\u0103ng n\u00edn th\u1edf t\u0129nh, l\u1eb7n xa v\u00e0 l\u1eb7n s\u00e2u v\u00e0 \u0111\u1ea9y th\u00e0nh t\u00edch l\u00ean cao h\u01a1n.<\/p>\n<p data-sourcepos=\"5:1-5:59\">\u0110\u00e2y l\u00e0 nh\u1eefng g\u00ec b\u1ea1n c\u1ea7n \u0111\u1ec3 b\u1eaft \u0111\u1ea7u chuy\u1ebfn \u0111i n\u00e0y:<\/p>\n<ul data-sourcepos=\"7:1-7:1\">\n<li data-sourcepos=\"7:1-7:1\">18 tu\u1ed5i tr\u1edf l\u00ean<\/li>\n<li data-sourcepos=\"8:1-8:116\">C\u00f3 ch\u1ee9ng ch\u1ec9 PADI Advanced Freediver (ho\u1eb7c t\u01b0\u01a1ng \u0111\u01b0\u01a1ng)<\/li>\n<li data-sourcepos=\"9:1-9:6\">Ho\u00e0n th\u00e0nh kho\u00e1 h\u1ecdc S\u01a1 c\u1ea5p c\u1ee9u trong v\u00f2ng 24 th\u00e1ng<\/li>\n<\/ul>\n<p data-sourcepos=\"11:1-11:211\">G\u1ee3i \u00fd: Kho\u00e1 h\u1ecdc chuy\u00ean bi\u1ec7t cung c\u1ea5p oxy kh\u1ea9n c\u1ea5p c\u1ee7a PADI c\u00f3 th\u1ec3 h\u1ecdc k\u00e8m v\u1edbi kho\u00e1 Master Freediver t\u1ea1i Nha Trang v\u00e0 S\u00e0i G\u00f2n. Kho\u00e1 h\u1ecdc s\u1ebd gi\u00fap b\u1ea1n x\u1eed l\u00fd c\u00e1c tr\u01b0\u1eddng h\u1ee3p kh\u1ea9n c\u1ea5p t\u1ed1t h\u01a1n.<\/p>\n<p data-sourcepos=\"13:1-13:166\">H\u00e3y s\u1eb5n s\u00e0ng \u0111\u1ec3 c\u1ea3i thi\u1ec7n k\u1ef9 thu\u1eadt, t\u1ed1i \u0111a ho\u00e1 ti\u1ec1m n\u0103ng v\u00e0 tr\u1ea3i nghi\u1ec7m th\u1ebf gi\u1edbi d\u01b0\u1edbi n\u01b0\u1edbc th\u00f4ng qua kho\u00e1 h\u1ecdc Master Freediver n\u00e0o!<\/p>","protected":false},"excerpt":{"rendered":"<p>For advanced freedivers who want to approach elite freediving levels. You&#8217;ll learn to bring your static apnea, dynamic apnea, free immersion and constant weight skills to the next level.<\/p>","protected":false},"featured_media":2451,"comment_status":"open","ping_status":"closed","template":"","meta":[],"product_cat":[32,75,81,79,55,56],"product_tag":[88,62],"class_list":{"0":"post-2450","1":"product","2":"type-product","3":"status-publish","4":"has-post-thumbnail","6":"product_cat-all-tours-trips","7":"product_cat-continue-learning","8":"product_cat-freediving","9":"product_cat-ho-chi-minh","10":"product_cat-nha-trang","11":"product_cat-padi-courses","12":"product_tag-5-days","13":"product_tag-continuing-education","15":"first","16":"instock","17":"shipping-taxable","18":"purchasable","19":"product-type-simple"},"_links":{"self":[{"href":"https:\/\/hcm.rumblefishvietnam.com\/vi\/wp-json\/wp\/v2\/product\/2450","targetHints":{"allow":["GET"]}}],"collection":[{"href":"https:\/\/hcm.rumblefishvietnam.com\/vi\/wp-json\/wp\/v2\/product"}],"about":[{"href":"https:\/\/hcm.rumblefishvietnam.com\/vi\/wp-json\/wp\/v2\/types\/product"}],"replies":[{"embeddable":true,"href":"https:\/\/hcm.rumblefishvietnam.com\/vi\/wp-json\/wp\/v2\/comments?post=2450"}],"wp:featuredmedia":[{"embeddable":true,"href":"https:\/\/hcm.rumblefishvietnam.com\/vi\/wp-json\/wp\/v2\/media\/2451"}],"wp:attachment":[{"href":"https:\/\/hcm.rumblefishvietnam.com\/vi\/wp-json\/wp\/v2\/media?parent=2450"}],"wp:term":[{"taxonomy":"product_cat","embeddable":true,"href":"https:\/\/hcm.rumblefishvietnam.com\/vi\/wp-json\/wp\/v2\/product_cat?post=2450"},{"taxonomy":"product_tag","embeddable":true,"href":"https:\/\/hcm.rumblefishvietnam.com\/vi\/wp-json\/wp\/v2\/product_tag?post=2450"}],"curies":[{"name":"wp","href":"https:\/\/api.w.org\/{rel}","templated":true}]}}